{"id":46,"date":"2015-10-12T17:45:12","date_gmt":"2015-10-12T16:45:12","guid":{"rendered":"http:\/\/barthegites.com\/about\/"},"modified":"2025-11-14T11:28:42","modified_gmt":"2025-11-14T11:28:42","slug":"fitou-holiday-apartment","status":"publish","type":"page","link":"https:\/\/barthegites.com\/fr\/fitou-holiday-apartment\/","title":{"rendered":"Fitou Apartment"},"content":{"rendered":"[vc_row full_width=\u00a0\u00bbstretch_row\u00a0\u00bb parallax=\u00a0\u00bbcontent-moving\u00a0\u00bb parallax_image=\u00a0\u00bb193&Prime; enable_overlay=\u00a0\u00bbtrue\u00a0\u00bb bg_overlay=\u00a0\u00bbrgba(0,0,0,0.3)\u00a0\u00bb css=\u00a0\u00bb.vc_custom_1444847477779{padding-top: 150px !important;padding-bottom: 80px !important;}\u00a0\u00bb][vc_column]<div class=\"awe-special-heading text-center\" style=\"color:#ffffff;\"><h2>Fitou appartement de vacances<\/h2><div class=\"awe-subheading below\"><p>3 Chambres | Peut accueillir 6 personnes<\/p><\/div><\/div>[\/vc_column][\/vc_row][vc_row content_placement=\u00a0\u00bbtop\u00a0\u00bb css=\u00a0\u00bb.vc_custom_1763119415042{padding-top: 50px !important;}\u00a0\u00bb][vc_column offset=\u00a0\u00bbvc_col-lg-offset-0 vc_col-lg-12 vc_col-md-offset-0 vc_col-md-12 vc_col-sm-offset-0&Prime;][vc_column_text size=\u00a0\u00bb0&Prime;]\n<h4>L&rsquo;appartement de vacances \u2018Fitou\u2019 \u00e9tait un ancien dortoir de vignerons qui a \u00e9t\u00e9 transform\u00e9 en un g\u00eete luxueux de 3 chambres pouvant accueillir jusqu&rsquo;\u00e0 6 personnes.<\/h4>\n[\/vc_column_text][\/vc_column][\/vc_row][vc_row content_placement=\u00a0\u00bbtop\u00a0\u00bb css=\u00a0\u00bb.vc_custom_1763119450518{padding-bottom: 50px !important;}\u00a0\u00bb][vc_column offset=\u00a0\u00bbvc_col-lg-offset-0 vc_col-lg-3 vc_col-md-offset-0 vc_col-md-12 vc_col-sm-offset-0 vc_col-xs-12&Prime;][vc_column_text size=\u00a0\u00bb0&Prime;]Il y a un spacieux h\u00e9bergement de 100 m\u00e8tres carr\u00e9s, comprenant un salon ouvert, salle \u00e0 manger et coin cuisine, et 3 chambres. La chambre double principale dispose d&rsquo;une salle de douche attenante \/ WC. Il y a 2 autres chambres jumelles desservies par une salle de bain \/ douche avec WC s\u00e9par\u00e9. Un ensemble de lits jumeaux peut \u00eatre mis en place pour faire un lit king size double si n\u00e9cessaire.<\/p>\n<p>L&rsquo;ext\u00e9rieur a patio priv\u00e9 et une place de parking.<\/p>\n<p>Tous nos g\u00eetes de vacances sont enti\u00e8rement \u00e9quip\u00e9s pour votre confort de vacances en plein air. Ils incluent les co\u00fbts de l&rsquo;eau, de l&rsquo;\u00e9lectricit\u00e9 et du gaz en bouteille. Tous les draps et les serviettes sont fournis pour l&rsquo;usage du g\u00eete (sauf les serviettes de plage \/ piscine, pouvant \u00eatre lou\u00e9es \u00e0 titre indicatif). Un service de blanchisserie est \u00e9galement offert \u00e0 une charge nominale (lavage, s\u00e9chage et retour repli\u00e9s mais pas repass\u00e9).[\/vc_column_text][\/vc_column][vc_column offset=\u00a0\u00bbvc_col-lg-offset-0 vc_col-lg-9 vc_col-md-offset-0 vc_col-md-12 vc_col-sm-offset-0 vc_col-xs-12&Prime;][vc_gallery type=\u00a0\u00bbimage_grid\u00a0\u00bb images=\u00a0\u00bb1188,1189,1190,185,1191,1192,820,1193,1194&Prime; img_size=\u00a0\u00bbfull\u00a0\u00bb][\/vc_column][\/vc_row]","protected":false},"excerpt":{"rendered":"<p>[vc_row full_width=\u00a0\u00bbstretch_row\u00a0\u00bb parallax=\u00a0\u00bbcontent-moving\u00a0\u00bb parallax_image=\u00a0\u00bb193&Prime; enable_overlay=\u00a0\u00bbtrue\u00a0\u00bb bg_overlay=\u00a0\u00bbrgba(0,0,0,0.3)\u00a0\u00bb css=\u00a0\u00bb.vc_custom_1444847477779{padding-top: 150px !important;padding-bottom: 80px !important;}\u00a0\u00bb][vc_column][\/vc_column][\/vc_row][vc_row content_placement=\u00a0\u00bbtop\u00a0\u00bb css=\u00a0\u00bb.vc_custom_1763119415042{padding-top: 50px !important;}\u00a0\u00bb][vc_column offset=\u00a0\u00bbvc_col-lg-offset-0 vc_col-lg-12 vc_col-md-offset-0 vc_col-md-12 vc_col-sm-offset-0&Prime;][vc_column_text size=\u00a0\u00bb0&Prime;] L&rsquo;appartement de vacances \u2018Fitou\u2019 \u00e9tait un ancien dortoir de vignerons qui a \u00e9t\u00e9 transform\u00e9 en un g\u00eete luxueux de 3 chambres pouvant accueillir jusqu&rsquo;\u00e0 6 personnes. [\/vc_column_text][\/vc_column][\/vc_row][vc_row content_placement=\u00a0\u00bbtop\u00a0\u00bb css=\u00a0\u00bb.vc_custom_1763119450518{padding-bottom: 50px !important;}\u00a0\u00bb][vc_column offset=\u00a0\u00bbvc_col-lg-offset-0 vc_col-lg-3 vc_col-md-offset-0 &hellip;<\/p>\n","protected":false},"author":1,"featured_media":0,"parent":0,"menu_order":0,"comment_status":"closed","ping_status":"closed","template":"","meta":[],"yoast_head":"<!-- This site is optimized with the Yoast SEO plugin v18.1 - https:\/\/yoast.com\/wordpress\/plugins\/seo\/ -->\n<title>Fitou holiday apartment<\/title>\n<meta name=\"description\" content=\"Fitou holiday apartment is a 3 bedroom gite providing accommodation for up to 6 persons. The gite is fully equipped for self catering holiday enjoyment.\" \/>\n<meta name=\"robots\" content=\"index, follow, max-snippet:-1, max-image-preview:large, max-video-preview:-1\" \/>\n<link rel=\"canonical\" href=\"https:\/\/barthegites.com\/fitou-holiday-apartment\/\" \/>\n<meta property=\"og:locale\" content=\"fr_FR\" \/>\n<meta property=\"og:type\" content=\"article\" \/>\n<meta property=\"og:title\" content=\"Fitou holiday apartment\" \/>\n<meta property=\"og:description\" content=\"Fitou holiday apartment is a 3 bedroom gite providing accommodation for up to 6 persons. The gite is fully equipped for self catering holiday enjoyment.\" \/>\n<meta property=\"og:url\" content=\"https:\/\/barthegites.com\/fitou-holiday-apartment\/\" \/>\n<meta property=\"og:site_name\" content=\"Barthe Gites\" \/>\n<meta property=\"article:modified_time\" content=\"2025-11-14T11:28:42+00:00\" \/>\n<meta name=\"twitter:card\" content=\"summary\" \/>\n<meta name=\"twitter:label1\" content=\"Dur\u00e9e de lecture estim\u00e9e\" \/>\n\t<meta name=\"twitter:data1\" content=\"1 minute\" \/>\n<script type=\"application\/ld+json\" class=\"yoast-schema-graph\">{\"@context\":\"https:\/\/schema.org\",\"@graph\":[{\"@type\":\"Organization\",\"@id\":\"https:\/\/barthegites.com\/#organization\",\"name\":\"Barthe Gites\",\"url\":\"https:\/\/barthegites.com\/\",\"sameAs\":[],\"logo\":{\"@type\":\"ImageObject\",\"@id\":\"https:\/\/barthegites.com\/#logo\",\"inLanguage\":\"fr-FR\",\"url\":\"https:\/\/barthegites.com\/wp-content\/uploads\/barthe_gites_logo.png\",\"contentUrl\":\"https:\/\/barthegites.com\/wp-content\/uploads\/barthe_gites_logo.png\",\"width\":327,\"height\":200,\"caption\":\"Barthe Gites\"},\"image\":{\"@id\":\"https:\/\/barthegites.com\/#logo\"}},{\"@type\":\"WebSite\",\"@id\":\"https:\/\/barthegites.com\/#website\",\"url\":\"https:\/\/barthegites.com\/\",\"name\":\"Barthe Gites\",\"description\":\"\",\"publisher\":{\"@id\":\"https:\/\/barthegites.com\/#organization\"},\"potentialAction\":[{\"@type\":\"SearchAction\",\"target\":{\"@type\":\"EntryPoint\",\"urlTemplate\":\"https:\/\/barthegites.com\/?s={search_term_string}\"},\"query-input\":\"required name=search_term_string\"}],\"inLanguage\":\"fr-FR\"},{\"@type\":\"WebPage\",\"@id\":\"https:\/\/barthegites.com\/fitou-holiday-apartment\/#webpage\",\"url\":\"https:\/\/barthegites.com\/fitou-holiday-apartment\/\",\"name\":\"Fitou holiday apartment\",\"isPartOf\":{\"@id\":\"https:\/\/barthegites.com\/#website\"},\"datePublished\":\"2015-10-12T16:45:12+00:00\",\"dateModified\":\"2025-11-14T11:28:42+00:00\",\"description\":\"Fitou holiday apartment is a 3 bedroom gite providing accommodation for up to 6 persons. The gite is fully equipped for self catering holiday enjoyment.\",\"breadcrumb\":{\"@id\":\"https:\/\/barthegites.com\/fitou-holiday-apartment\/#breadcrumb\"},\"inLanguage\":\"fr-FR\",\"potentialAction\":[{\"@type\":\"ReadAction\",\"target\":[\"https:\/\/barthegites.com\/fitou-holiday-apartment\/\"]}]},{\"@type\":\"BreadcrumbList\",\"@id\":\"https:\/\/barthegites.com\/fitou-holiday-apartment\/#breadcrumb\",\"itemListElement\":[{\"@type\":\"ListItem\",\"position\":1,\"name\":\"Home\",\"item\":\"https:\/\/barthegites.com\/\"},{\"@type\":\"ListItem\",\"position\":2,\"name\":\"Fitou Apartment\"}]}]}<\/script>\n<!-- \/ Yoast SEO plugin. -->","yoast_head_json":{"title":"Fitou holiday apartment","description":"Fitou holiday apartment is a 3 bedroom gite providing accommodation for up to 6 persons. The gite is fully equipped for self catering holiday enjoyment.","robots":{"index":"index","follow":"follow","max-snippet":"max-snippet:-1","max-image-preview":"max-image-preview:large","max-video-preview":"max-video-preview:-1"},"canonical":"https:\/\/barthegites.com\/fitou-holiday-apartment\/","og_locale":"fr_FR","og_type":"article","og_title":"Fitou holiday apartment","og_description":"Fitou holiday apartment is a 3 bedroom gite providing accommodation for up to 6 persons. The gite is fully equipped for self catering holiday enjoyment.","og_url":"https:\/\/barthegites.com\/fitou-holiday-apartment\/","og_site_name":"Barthe Gites","article_modified_time":"2025-11-14T11:28:42+00:00","twitter_card":"summary","twitter_misc":{"Dur\u00e9e de lecture estim\u00e9e":"1 minute"},"schema":{"@context":"https:\/\/schema.org","@graph":[{"@type":"Organization","@id":"https:\/\/barthegites.com\/#organization","name":"Barthe Gites","url":"https:\/\/barthegites.com\/","sameAs":[],"logo":{"@type":"ImageObject","@id":"https:\/\/barthegites.com\/#logo","inLanguage":"fr-FR","url":"https:\/\/barthegites.com\/wp-content\/uploads\/barthe_gites_logo.png","contentUrl":"https:\/\/barthegites.com\/wp-content\/uploads\/barthe_gites_logo.png","width":327,"height":200,"caption":"Barthe Gites"},"image":{"@id":"https:\/\/barthegites.com\/#logo"}},{"@type":"WebSite","@id":"https:\/\/barthegites.com\/#website","url":"https:\/\/barthegites.com\/","name":"Barthe Gites","description":"","publisher":{"@id":"https:\/\/barthegites.com\/#organization"},"potentialAction":[{"@type":"SearchAction","target":{"@type":"EntryPoint","urlTemplate":"https:\/\/barthegites.com\/?s={search_term_string}"},"query-input":"required name=search_term_string"}],"inLanguage":"fr-FR"},{"@type":"WebPage","@id":"https:\/\/barthegites.com\/fitou-holiday-apartment\/#webpage","url":"https:\/\/barthegites.com\/fitou-holiday-apartment\/","name":"Fitou holiday apartment","isPartOf":{"@id":"https:\/\/barthegites.com\/#website"},"datePublished":"2015-10-12T16:45:12+00:00","dateModified":"2025-11-14T11:28:42+00:00","description":"Fitou holiday apartment is a 3 bedroom gite providing accommodation for up to 6 persons. The gite is fully equipped for self catering holiday enjoyment.","breadcrumb":{"@id":"https:\/\/barthegites.com\/fitou-holiday-apartment\/#breadcrumb"},"inLanguage":"fr-FR","potentialAction":[{"@type":"ReadAction","target":["https:\/\/barthegites.com\/fitou-holiday-apartment\/"]}]},{"@type":"BreadcrumbList","@id":"https:\/\/barthegites.com\/fitou-holiday-apartment\/#breadcrumb","itemListElement":[{"@type":"ListItem","position":1,"name":"Home","item":"https:\/\/barthegites.com\/"},{"@type":"ListItem","position":2,"name":"Fitou Apartment"}]}]}},"_links":{"self":[{"href":"https:\/\/barthegites.com\/fr\/wp-json\/wp\/v2\/pages\/46"}],"collection":[{"href":"https:\/\/barthegites.com\/fr\/wp-json\/wp\/v2\/pages"}],"about":[{"href":"https:\/\/barthegites.com\/fr\/wp-json\/wp\/v2\/types\/page"}],"author":[{"embeddable":true,"href":"https:\/\/barthegites.com\/fr\/wp-json\/wp\/v2\/users\/1"}],"replies":[{"embeddable":true,"href":"https:\/\/barthegites.com\/fr\/wp-json\/wp\/v2\/comments?post=46"}],"version-history":[{"count":54,"href":"https:\/\/barthegites.com\/fr\/wp-json\/wp\/v2\/pages\/46\/revisions"}],"predecessor-version":[{"id":1283,"href":"https:\/\/barthegites.com\/fr\/wp-json\/wp\/v2\/pages\/46\/revisions\/1283"}],"wp:attachment":[{"href":"https:\/\/barthegites.com\/fr\/wp-json\/wp\/v2\/media?parent=46"}],"curies":[{"name":"wp","href":"https:\/\/api.w.org\/{rel}","templated":true}]}}