{"id":297,"date":"2015-10-15T17:48:13","date_gmt":"2015-10-15T16:48:13","guid":{"rendered":"http:\/\/barthegites.com\/?page_id=297"},"modified":"2025-11-14T11:59:54","modified_gmt":"2025-11-14T11:59:54","slug":"large-group-accommodation","status":"publish","type":"page","link":"https:\/\/barthegites.com\/fr\/large-group-accommodation\/","title":{"rendered":"Large Groups"},"content":{"rendered":"[vc_row full_width=\u00a0\u00bbstretch_row\u00a0\u00bb parallax=\u00a0\u00bbcontent-moving\u00a0\u00bb parallax_image=\u00a0\u00bb303&Prime; enable_overlay=\u00a0\u00bbtrue\u00a0\u00bb bg_overlay=\u00a0\u00bbrgba(0,0,0,0.3)\u00a0\u00bb css=\u00a0\u00bb.vc_custom_1444928162916{padding-top: 150px !important;padding-bottom: 80px !important;}\u00a0\u00bb][vc_column]<div class=\"awe-special-heading text-center\" style=\"color:#ffffff;\"><h2>H\u00e9bergement pour grands groupes<\/h2><div class=\"awe-subheading below\"><p>Jusqu&#039;\u00e0 20 personnes<\/p><\/div><\/div>[\/vc_column][\/vc_row][vc_row content_placement=\u00a0\u00bbtop\u00a0\u00bb css=\u00a0\u00bb.vc_custom_1763121535526{padding-top: 50px !important;padding-bottom: 50px !important;}\u00a0\u00bb][vc_column offset=\u00a0\u00bbvc_col-lg-offset-0 vc_col-lg-3 vc_col-md-offset-0 vc_col-md-12 vc_col-sm-offset-0 vc_col-xs-12&Prime;][vc_column_text size=\u00a0\u00bb0&Prime;]Parce que le site est tellement large et offre plusieurs domaines pour les rassemblements collectifs ainsi que des espaces isol\u00e9s pour la d\u00e9tente, le Domaine de Barthe se pr\u00eate \u00e0 des vacances ind\u00e9pendantes pour les larges familles, les groupes d&rsquo;amis ou les rassemblements de f\u00eates.<\/p>\n<p>Qu&rsquo;il s&rsquo;agisse de la cour, de la grange de loisirs jeux ou de la zone barbecue \/ p\u00e9tanque, il existe de nombreuses options pour les repas partag\u00e9s ou les soir\u00e9es avec le plus grand avantage d&rsquo;avoir 4 propri\u00e9t\u00e9s individuelles \u00e0 se retirer! Notre lieu s&rsquo;est \u00e9galement r\u00e9v\u00e9l\u00e9 populaire pour les groupes d&rsquo;artisanat et d&rsquo;activit\u00e9s tels que les cr\u00e9ateurs de dentelles, les cercles \u00e0 coudre, les travaux de peinture et de randonn\u00e9e, en particulier avec un cadre inspirant et des vues \u00e0 couper le souffle.<\/p>\n<p>La propri\u00e9t\u00e9 peut accueillir jusqu&rsquo;\u00e0 20 personnes dans les 4 g\u00eetes. Veuillez consulter notre page de tarifs pour les tarifs sp\u00e9ciaux du groupe Domaine de Barthe.<\/p>\n<p>Comme tous les g\u00eetes sont \u00e9galement disponibles individuellement, il est essentiel de r\u00e9server t\u00f4t pour s\u00e9curiser l&rsquo;h\u00e9bergement en groupe.<br \/>\n[\/vc_column_text][\/vc_column][vc_column offset=\u00a0\u00bbvc_col-lg-offset-0 vc_col-lg-9 vc_col-md-offset-0 vc_col-md-12 vc_col-sm-offset-0 vc_col-xs-12&Prime;][vc_gallery type=\u00a0\u00bbimage_grid\u00a0\u00bb images=\u00a0\u00bb1209,300,299,1210,301,302,1211&Prime; img_size=\u00a0\u00bbfull\u00a0\u00bb][\/vc_column][\/vc_row]","protected":false},"excerpt":{"rendered":"<p>[vc_row full_width=\u00a0\u00bbstretch_row\u00a0\u00bb parallax=\u00a0\u00bbcontent-moving\u00a0\u00bb parallax_image=\u00a0\u00bb303&Prime; enable_overlay=\u00a0\u00bbtrue\u00a0\u00bb bg_overlay=\u00a0\u00bbrgba(0,0,0,0.3)\u00a0\u00bb css=\u00a0\u00bb.vc_custom_1444928162916{padding-top: 150px !important;padding-bottom: 80px !important;}\u00a0\u00bb][vc_column][\/vc_column][\/vc_row][vc_row content_placement=\u00a0\u00bbtop\u00a0\u00bb css=\u00a0\u00bb.vc_custom_1763121535526{padding-top: 50px !important;padding-bottom: 50px !important;}\u00a0\u00bb][vc_column offset=\u00a0\u00bbvc_col-lg-offset-0 vc_col-lg-3 vc_col-md-offset-0 vc_col-md-12 vc_col-sm-offset-0 vc_col-xs-12&Prime;][vc_column_text size=\u00a0\u00bb0&Prime;]Parce que le site est tellement large et offre plusieurs domaines pour les rassemblements collectifs ainsi que des espaces isol\u00e9s pour la d\u00e9tente, le Domaine de Barthe se pr\u00eate \u00e0 des vacances &hellip;<\/p>\n","protected":false},"author":1,"featured_media":0,"parent":0,"menu_order":0,"comment_status":"closed","ping_status":"closed","template":"","meta":[],"yoast_head":"<!-- This site is optimized with the Yoast SEO plugin v18.1 - https:\/\/yoast.com\/wordpress\/plugins\/seo\/ -->\n<title>large group accommodation near Carcassonne South of France<\/title>\n<meta name=\"description\" content=\"Large group self catering accommodation at Domaine de Barthe near Carcassonne for up to 20 people across 4 gites for extended families or groups of friends\" \/>\n<meta name=\"robots\" content=\"index, follow, max-snippet:-1, max-image-preview:large, max-video-preview:-1\" \/>\n<link rel=\"canonical\" href=\"https:\/\/barthegites.com\/large-group-accommodation\/\" \/>\n<meta property=\"og:locale\" content=\"fr_FR\" \/>\n<meta property=\"og:type\" content=\"article\" \/>\n<meta property=\"og:title\" content=\"large group accommodation near Carcassonne South of France\" \/>\n<meta property=\"og:description\" content=\"Large group self catering accommodation at Domaine de Barthe near Carcassonne for up to 20 people across 4 gites for extended families or groups of friends\" \/>\n<meta property=\"og:url\" content=\"https:\/\/barthegites.com\/large-group-accommodation\/\" \/>\n<meta property=\"og:site_name\" content=\"Barthe Gites\" \/>\n<meta property=\"article:modified_time\" content=\"2025-11-14T11:59:54+00:00\" \/>\n<meta name=\"twitter:card\" content=\"summary\" \/>\n<meta name=\"twitter:label1\" content=\"Dur\u00e9e de lecture estim\u00e9e\" \/>\n\t<meta name=\"twitter:data1\" content=\"1 minute\" \/>\n<script type=\"application\/ld+json\" class=\"yoast-schema-graph\">{\"@context\":\"https:\/\/schema.org\",\"@graph\":[{\"@type\":\"Organization\",\"@id\":\"https:\/\/barthegites.com\/#organization\",\"name\":\"Barthe Gites\",\"url\":\"https:\/\/barthegites.com\/\",\"sameAs\":[],\"logo\":{\"@type\":\"ImageObject\",\"@id\":\"https:\/\/barthegites.com\/#logo\",\"inLanguage\":\"fr-FR\",\"url\":\"https:\/\/barthegites.com\/wp-content\/uploads\/barthe_gites_logo.png\",\"contentUrl\":\"https:\/\/barthegites.com\/wp-content\/uploads\/barthe_gites_logo.png\",\"width\":327,\"height\":200,\"caption\":\"Barthe Gites\"},\"image\":{\"@id\":\"https:\/\/barthegites.com\/#logo\"}},{\"@type\":\"WebSite\",\"@id\":\"https:\/\/barthegites.com\/#website\",\"url\":\"https:\/\/barthegites.com\/\",\"name\":\"Barthe Gites\",\"description\":\"\",\"publisher\":{\"@id\":\"https:\/\/barthegites.com\/#organization\"},\"potentialAction\":[{\"@type\":\"SearchAction\",\"target\":{\"@type\":\"EntryPoint\",\"urlTemplate\":\"https:\/\/barthegites.com\/?s={search_term_string}\"},\"query-input\":\"required name=search_term_string\"}],\"inLanguage\":\"fr-FR\"},{\"@type\":\"WebPage\",\"@id\":\"https:\/\/barthegites.com\/large-group-accommodation\/#webpage\",\"url\":\"https:\/\/barthegites.com\/large-group-accommodation\/\",\"name\":\"large group accommodation near Carcassonne South of France\",\"isPartOf\":{\"@id\":\"https:\/\/barthegites.com\/#website\"},\"datePublished\":\"2015-10-15T16:48:13+00:00\",\"dateModified\":\"2025-11-14T11:59:54+00:00\",\"description\":\"Large group self catering accommodation at Domaine de Barthe near Carcassonne for up to 20 people across 4 gites for extended families or groups of friends\",\"breadcrumb\":{\"@id\":\"https:\/\/barthegites.com\/large-group-accommodation\/#breadcrumb\"},\"inLanguage\":\"fr-FR\",\"potentialAction\":[{\"@type\":\"ReadAction\",\"target\":[\"https:\/\/barthegites.com\/large-group-accommodation\/\"]}]},{\"@type\":\"BreadcrumbList\",\"@id\":\"https:\/\/barthegites.com\/large-group-accommodation\/#breadcrumb\",\"itemListElement\":[{\"@type\":\"ListItem\",\"position\":1,\"name\":\"Home\",\"item\":\"https:\/\/barthegites.com\/\"},{\"@type\":\"ListItem\",\"position\":2,\"name\":\"Large Groups\"}]}]}<\/script>\n<!-- \/ Yoast SEO plugin. -->","yoast_head_json":{"title":"large group accommodation near Carcassonne South of France","description":"Large group self catering accommodation at Domaine de Barthe near Carcassonne for up to 20 people across 4 gites for extended families or groups of friends","robots":{"index":"index","follow":"follow","max-snippet":"max-snippet:-1","max-image-preview":"max-image-preview:large","max-video-preview":"max-video-preview:-1"},"canonical":"https:\/\/barthegites.com\/large-group-accommodation\/","og_locale":"fr_FR","og_type":"article","og_title":"large group accommodation near Carcassonne South of France","og_description":"Large group self catering accommodation at Domaine de Barthe near Carcassonne for up to 20 people across 4 gites for extended families or groups of friends","og_url":"https:\/\/barthegites.com\/large-group-accommodation\/","og_site_name":"Barthe Gites","article_modified_time":"2025-11-14T11:59:54+00:00","twitter_card":"summary","twitter_misc":{"Dur\u00e9e de lecture estim\u00e9e":"1 minute"},"schema":{"@context":"https:\/\/schema.org","@graph":[{"@type":"Organization","@id":"https:\/\/barthegites.com\/#organization","name":"Barthe Gites","url":"https:\/\/barthegites.com\/","sameAs":[],"logo":{"@type":"ImageObject","@id":"https:\/\/barthegites.com\/#logo","inLanguage":"fr-FR","url":"https:\/\/barthegites.com\/wp-content\/uploads\/barthe_gites_logo.png","contentUrl":"https:\/\/barthegites.com\/wp-content\/uploads\/barthe_gites_logo.png","width":327,"height":200,"caption":"Barthe Gites"},"image":{"@id":"https:\/\/barthegites.com\/#logo"}},{"@type":"WebSite","@id":"https:\/\/barthegites.com\/#website","url":"https:\/\/barthegites.com\/","name":"Barthe Gites","description":"","publisher":{"@id":"https:\/\/barthegites.com\/#organization"},"potentialAction":[{"@type":"SearchAction","target":{"@type":"EntryPoint","urlTemplate":"https:\/\/barthegites.com\/?s={search_term_string}"},"query-input":"required name=search_term_string"}],"inLanguage":"fr-FR"},{"@type":"WebPage","@id":"https:\/\/barthegites.com\/large-group-accommodation\/#webpage","url":"https:\/\/barthegites.com\/large-group-accommodation\/","name":"large group accommodation near Carcassonne South of France","isPartOf":{"@id":"https:\/\/barthegites.com\/#website"},"datePublished":"2015-10-15T16:48:13+00:00","dateModified":"2025-11-14T11:59:54+00:00","description":"Large group self catering accommodation at Domaine de Barthe near Carcassonne for up to 20 people across 4 gites for extended families or groups of friends","breadcrumb":{"@id":"https:\/\/barthegites.com\/large-group-accommodation\/#breadcrumb"},"inLanguage":"fr-FR","potentialAction":[{"@type":"ReadAction","target":["https:\/\/barthegites.com\/large-group-accommodation\/"]}]},{"@type":"BreadcrumbList","@id":"https:\/\/barthegites.com\/large-group-accommodation\/#breadcrumb","itemListElement":[{"@type":"ListItem","position":1,"name":"Home","item":"https:\/\/barthegites.com\/"},{"@type":"ListItem","position":2,"name":"Large Groups"}]}]}},"_links":{"self":[{"href":"https:\/\/barthegites.com\/fr\/wp-json\/wp\/v2\/pages\/297"}],"collection":[{"href":"https:\/\/barthegites.com\/fr\/wp-json\/wp\/v2\/pages"}],"about":[{"href":"https:\/\/barthegites.com\/fr\/wp-json\/wp\/v2\/types\/page"}],"author":[{"embeddable":true,"href":"https:\/\/barthegites.com\/fr\/wp-json\/wp\/v2\/users\/1"}],"replies":[{"embeddable":true,"href":"https:\/\/barthegites.com\/fr\/wp-json\/wp\/v2\/comments?post=297"}],"version-history":[{"count":13,"href":"https:\/\/barthegites.com\/fr\/wp-json\/wp\/v2\/pages\/297\/revisions"}],"predecessor-version":[{"id":1293,"href":"https:\/\/barthegites.com\/fr\/wp-json\/wp\/v2\/pages\/297\/revisions\/1293"}],"wp:attachment":[{"href":"https:\/\/barthegites.com\/fr\/wp-json\/wp\/v2\/media?parent=297"}],"curies":[{"name":"wp","href":"https:\/\/api.w.org\/{rel}","templated":true}]}}