{"id":241,"date":"2015-10-15T14:54:05","date_gmt":"2015-10-15T13:54:05","guid":{"rendered":"http:\/\/barthegites.com\/?page_id=241"},"modified":"2025-11-14T16:17:02","modified_gmt":"2025-11-14T16:17:02","slug":"facilities","status":"publish","type":"page","link":"https:\/\/barthegites.com\/fr\/facilities\/","title":{"rendered":"Facilities"},"content":{"rendered":"[vc_row full_width=\u00a0\u00bbstretch_row\u00a0\u00bb parallax=\u00a0\u00bbcontent-moving\u00a0\u00bb parallax_image=\u00a0\u00bb294&Prime; enable_overlay=\u00a0\u00bbtrue\u00a0\u00bb bg_overlay=\u00a0\u00bbrgba(0,0,0,0.3)\u00a0\u00bb css=\u00a0\u00bb.vc_custom_1444927300987{margin-bottom: 0px !important;padding-top: 150px !important;padding-bottom: 80px !important;}\u00a0\u00bb][vc_column]<div class=\"awe-special-heading text-center\" style=\"color:#ffffff;\"><h2>Facilities at Domaine de Barthe<\/h2><div class=\"awe-subheading below\"><p>Piscine | Courtyard | Salle de Barthe | Place de Barthe<\/p><\/div><\/div>[\/vc_column][\/vc_row][vc_row full_width=\u00a0\u00bbstretch_row\u00a0\u00bb content_placement=\u00a0\u00bbmiddle\u00a0\u00bb enable_overlay=\u00a0\u00bbtrue\u00a0\u00bb css=\u00a0\u00bb.vc_custom_1644420944852{margin-top: 0px !important;margin-bottom: 0px !important;padding-top: 50px !important;padding-bottom: 50px !important;background-color: #ffffff !important;}\u00a0\u00bb][vc_column width=\u00a0\u00bb1\/4&Prime;]<div class=\"awe-special-heading text-left\"><h3>Piscine<\/h3><div class=\"awe-subheading below\"><p>Swimming Pool<\/p><\/div><\/div>[vc_column_text size=\u00a0\u00bb0&Prime;]La piscine de 14m x 6m est situ\u00e9e dans une zone ferm\u00e9e s\u00e9curis\u00e9e, dans un jardin clos et isol\u00e9, juste au-del\u00e0 de la cour principale.<\/p>\n<p>Il y a aussi un grand patio avec chaises longues et petites tables, ainsi qu&rsquo;une zone d&rsquo;ombrag\u00e9e.<\/p>\n<p>Le Piscine est ouverte saisonni\u00e8rement g\u00e9n\u00e9ralement de la mi-mai \u00e0 la mi-octobre.[\/vc_column_text][\/vc_column][vc_column width=\u00a0\u00bb3\/4&Prime;][vc_gallery type=\u00a0\u00bbimage_grid\u00a0\u00bb images=\u00a0\u00bb1214,288,289,287&Prime; img_size=\u00a0\u00bbfull\u00a0\u00bb][\/vc_column][\/vc_row][vc_row full_width=\u00a0\u00bbstretch_row\u00a0\u00bb enable_overlay=\u00a0\u00bbtrue\u00a0\u00bb css=\u00a0\u00bb.vc_custom_1445854258268{margin-top: 0px !important;margin-bottom: 0px !important;padding-top: 50px !important;padding-bottom: 50px !important;background-color: #f3e7e7 !important;}\u00a0\u00bb el_id=\u00a0\u00bbcourtyard\u00a0\u00bb][vc_column width=\u00a0\u00bb2\/3&Prime;][vc_gallery type=\u00a0\u00bbimage_grid\u00a0\u00bb images=\u00a0\u00bb266,1232,265,1233,1234&Prime; img_size=\u00a0\u00bbfull\u00a0\u00bb][\/vc_column][vc_column width=\u00a0\u00bb1\/3&Prime;]<div class=\"awe-special-heading text-left\"><h3>Courtyard<\/h3><\/div>[vc_column_text size=\u00a0\u00bb0&Prime;]Les principaux b\u00e2timents se situent autour d&rsquo;une grande cour attrayante, l\u2019entr\u00e9e est une ancienne porte.<\/p>\n<p>Imm\u00e9diatement \u00e0 l&rsquo;avant se trouvent deux g\u00eetes attenants (g\u00eetes Minervois et Corbiere). Les deux c\u00f4t\u00e9s sont des granges anciennes, l&rsquo;une contenant les activit\u00e9s \/ ludiques. Attach\u00e9 \u00e0 la grange droite se trouve un autre g\u00eete (chalet Alaric) et au-dessus de la grange droite notre appartement Fitou 3 chambres (qui est accessible juste au-del\u00e0 de la cour).<\/p>\n<p>Le site est id\u00e9al pour les couples, les familles individuelles et les grands groupes car nous pouvons accueillir jusqu&rsquo;\u00e0 20 personnes.<br \/>\n[\/vc_column_text][\/vc_column][\/vc_row][vc_row full_width=\u00a0\u00bbstretch_row\u00a0\u00bb content_placement=\u00a0\u00bbmiddle\u00a0\u00bb enable_overlay=\u00a0\u00bbtrue\u00a0\u00bb css=\u00a0\u00bb.vc_custom_1644421340075{margin-top: 0px !important;margin-bottom: 0px !important;padding-top: 50px !important;padding-bottom: 50px !important;background-color: #f3efe2 !important;}\u00a0\u00bb][vc_column width=\u00a0\u00bb1\/2&Prime;]<div class=\"awe-special-heading text-left\"><h3>Salle de Barthe<\/h3><div class=\"awe-subheading below\"><p>Games Barn<\/p><\/div><\/div>[vc_column_text size=\u00a0\u00bb0&Prime;]La grange des activit\u00e9s \/ jeux est un grand succ\u00e8s aupr\u00e8s des clients de tous \u00e2ges!<\/p>\n<p>Elle offre un excellent point de rendez-vous et contient une multitude d&rsquo;informations et de cartes locales. Il existe \u00e9galement une grande s\u00e9lection de jouets pour enfants et des boites de jeux disponibles. En outre, il y a une biblioth\u00e8que bien \u00e9quip\u00e9e, une table de tennis, un billard, un jeu de fl\u00e9chettes et un babyfoot.<\/p>\n<p>Il y a de table faites \u00e0 partir de tonneaux, id\u00e9ales pour les soir\u00e9es et les activit\u00e9s de groupe. Des soir\u00e9es occasionnelles sont \u00e9galement possibles dans la grange des jeux (demandez des d\u00e9tails).<br \/>\n[\/vc_column_text][\/vc_column][vc_column width=\u00a0\u00bb1\/2&Prime;][vc_gallery type=\u00a0\u00bbimage_grid\u00a0\u00bb images=\u00a0\u00bb1227,274,273,275,1228&Prime; img_size=\u00a0\u00bbfull\u00a0\u00bb][\/vc_column][\/vc_row][vc_row full_width=\u00a0\u00bbstretch_row\u00a0\u00bb content_placement=\u00a0\u00bbmiddle\u00a0\u00bb enable_overlay=\u00a0\u00bbtrue\u00a0\u00bb css=\u00a0\u00bb.vc_custom_1644421483931{margin-top: 0px !important;margin-bottom: 0px !important;padding-top: 50px !important;padding-bottom: 50px !important;background-color: #f3f6ee !important;}\u00a0\u00bb][vc_column width=\u00a0\u00bb3\/4&Prime;][vc_gallery type=\u00a0\u00bbimage_grid\u00a0\u00bb images=\u00a0\u00bb1219,1221,1220,283,280&Prime; img_size=\u00a0\u00bbfull\u00a0\u00bb][\/vc_column][vc_column width=\u00a0\u00bb1\/4&Prime;]<div class=\"awe-special-heading text-left\"><h3>Place de Barthe<\/h3><div class=\"awe-subheading below\"><p>&#039;Village&#039; Square<\/p><\/div><\/div>[vc_column_text size=\u00a0\u00bb0&Prime;]Au-del\u00e0 de la porte lat\u00e9rale de la cour, autre grande zone \u2018communale\u2019!<\/p>\n<p>Ici, il y a des barbecues construits en brique, parfaits pour les grandes f\u00eates et les soir\u00e9es occasionnelles, avec des si\u00e8ges, des tables et un grand espace \u00ab\u00a0al fresco\u00a0\u00bb pour les soir\u00e9es ext\u00e9rieures.<\/p>\n<p>Il y a aussi un terrain de p\u00e9tanque en plein air \u00ab\u00a0couvert\u00a0\u00bb, am\u00e9nag\u00e9 dans l&rsquo;immense hangar (grange ouverte), afin de pouvoir profiter du passe-temps fran\u00e7ais traditionnel hors de la chaleur de l&rsquo;\u00e9t\u00e9![\/vc_column_text][\/vc_column][\/vc_row]","protected":false},"excerpt":{"rendered":"<p>[vc_row full_width=\u00a0\u00bbstretch_row\u00a0\u00bb parallax=\u00a0\u00bbcontent-moving\u00a0\u00bb parallax_image=\u00a0\u00bb294&Prime; enable_overlay=\u00a0\u00bbtrue\u00a0\u00bb bg_overlay=\u00a0\u00bbrgba(0,0,0,0.3)\u00a0\u00bb css=\u00a0\u00bb.vc_custom_1444927300987{margin-bottom: 0px !important;padding-top: 150px !important;padding-bottom: 80px !important;}\u00a0\u00bb][vc_column][\/vc_column][\/vc_row][vc_row full_width=\u00a0\u00bbstretch_row\u00a0\u00bb content_placement=\u00a0\u00bbmiddle\u00a0\u00bb enable_overlay=\u00a0\u00bbtrue\u00a0\u00bb css=\u00a0\u00bb.vc_custom_1644420944852{margin-top: 0px !important;margin-bottom: 0px !important;padding-top: 50px !important;padding-bottom: 50px !important;background-color: #ffffff !important;}\u00a0\u00bb][vc_column width=\u00a0\u00bb1\/4&Prime;][vc_column_text size=\u00a0\u00bb0&Prime;]La piscine de 14m x 6m est situ\u00e9e dans une zone ferm\u00e9e s\u00e9curis\u00e9e, dans un jardin clos et isol\u00e9, juste au-del\u00e0 de la cour principale. Il y &hellip;<\/p>\n","protected":false},"author":1,"featured_media":0,"parent":0,"menu_order":0,"comment_status":"closed","ping_status":"closed","template":"","meta":[],"yoast_head":"<!-- This site is optimized with the Yoast SEO plugin v18.1 - https:\/\/yoast.com\/wordpress\/plugins\/seo\/ -->\n<title>Facilities at Domaine de Barthe<\/title>\n<meta name=\"description\" content=\"Facilities at Domaine de Barthe include swimming pool, courtyard, games barn, petanque court, Barbeques and giant chess\" \/>\n<meta name=\"robots\" content=\"index, follow, max-snippet:-1, max-image-preview:large, max-video-preview:-1\" \/>\n<link rel=\"canonical\" href=\"https:\/\/barthegites.com\/facilities\/\" \/>\n<meta property=\"og:locale\" content=\"fr_FR\" \/>\n<meta property=\"og:type\" content=\"article\" \/>\n<meta property=\"og:title\" content=\"Facilities at Domaine de Barthe\" \/>\n<meta property=\"og:description\" content=\"Facilities at Domaine de Barthe include swimming pool, courtyard, games barn, petanque court, Barbeques and giant chess\" \/>\n<meta property=\"og:url\" content=\"https:\/\/barthegites.com\/facilities\/\" \/>\n<meta property=\"og:site_name\" content=\"Barthe Gites\" \/>\n<meta property=\"article:modified_time\" content=\"2025-11-14T16:17:02+00:00\" \/>\n<meta name=\"twitter:card\" content=\"summary\" \/>\n<meta name=\"twitter:label1\" content=\"Dur\u00e9e de lecture estim\u00e9e\" \/>\n\t<meta name=\"twitter:data1\" content=\"3 minutes\" \/>\n<script type=\"application\/ld+json\" class=\"yoast-schema-graph\">{\"@context\":\"https:\/\/schema.org\",\"@graph\":[{\"@type\":\"Organization\",\"@id\":\"https:\/\/barthegites.com\/#organization\",\"name\":\"Barthe Gites\",\"url\":\"https:\/\/barthegites.com\/\",\"sameAs\":[],\"logo\":{\"@type\":\"ImageObject\",\"@id\":\"https:\/\/barthegites.com\/#logo\",\"inLanguage\":\"fr-FR\",\"url\":\"https:\/\/barthegites.com\/wp-content\/uploads\/barthe_gites_logo.png\",\"contentUrl\":\"https:\/\/barthegites.com\/wp-content\/uploads\/barthe_gites_logo.png\",\"width\":327,\"height\":200,\"caption\":\"Barthe Gites\"},\"image\":{\"@id\":\"https:\/\/barthegites.com\/#logo\"}},{\"@type\":\"WebSite\",\"@id\":\"https:\/\/barthegites.com\/#website\",\"url\":\"https:\/\/barthegites.com\/\",\"name\":\"Barthe Gites\",\"description\":\"\",\"publisher\":{\"@id\":\"https:\/\/barthegites.com\/#organization\"},\"potentialAction\":[{\"@type\":\"SearchAction\",\"target\":{\"@type\":\"EntryPoint\",\"urlTemplate\":\"https:\/\/barthegites.com\/?s={search_term_string}\"},\"query-input\":\"required name=search_term_string\"}],\"inLanguage\":\"fr-FR\"},{\"@type\":\"WebPage\",\"@id\":\"https:\/\/barthegites.com\/facilities\/#webpage\",\"url\":\"https:\/\/barthegites.com\/facilities\/\",\"name\":\"Facilities at Domaine de Barthe\",\"isPartOf\":{\"@id\":\"https:\/\/barthegites.com\/#website\"},\"datePublished\":\"2015-10-15T13:54:05+00:00\",\"dateModified\":\"2025-11-14T16:17:02+00:00\",\"description\":\"Facilities at Domaine de Barthe include swimming pool, courtyard, games barn, petanque court, Barbeques and giant chess\",\"breadcrumb\":{\"@id\":\"https:\/\/barthegites.com\/facilities\/#breadcrumb\"},\"inLanguage\":\"fr-FR\",\"potentialAction\":[{\"@type\":\"ReadAction\",\"target\":[\"https:\/\/barthegites.com\/facilities\/\"]}]},{\"@type\":\"BreadcrumbList\",\"@id\":\"https:\/\/barthegites.com\/facilities\/#breadcrumb\",\"itemListElement\":[{\"@type\":\"ListItem\",\"position\":1,\"name\":\"Home\",\"item\":\"https:\/\/barthegites.com\/\"},{\"@type\":\"ListItem\",\"position\":2,\"name\":\"Facilities\"}]}]}<\/script>\n<!-- \/ Yoast SEO plugin. -->","yoast_head_json":{"title":"Facilities at Domaine de Barthe","description":"Facilities at Domaine de Barthe include swimming pool, courtyard, games barn, petanque court, Barbeques and giant chess","robots":{"index":"index","follow":"follow","max-snippet":"max-snippet:-1","max-image-preview":"max-image-preview:large","max-video-preview":"max-video-preview:-1"},"canonical":"https:\/\/barthegites.com\/facilities\/","og_locale":"fr_FR","og_type":"article","og_title":"Facilities at Domaine de Barthe","og_description":"Facilities at Domaine de Barthe include swimming pool, courtyard, games barn, petanque court, Barbeques and giant chess","og_url":"https:\/\/barthegites.com\/facilities\/","og_site_name":"Barthe Gites","article_modified_time":"2025-11-14T16:17:02+00:00","twitter_card":"summary","twitter_misc":{"Dur\u00e9e de lecture estim\u00e9e":"3 minutes"},"schema":{"@context":"https:\/\/schema.org","@graph":[{"@type":"Organization","@id":"https:\/\/barthegites.com\/#organization","name":"Barthe Gites","url":"https:\/\/barthegites.com\/","sameAs":[],"logo":{"@type":"ImageObject","@id":"https:\/\/barthegites.com\/#logo","inLanguage":"fr-FR","url":"https:\/\/barthegites.com\/wp-content\/uploads\/barthe_gites_logo.png","contentUrl":"https:\/\/barthegites.com\/wp-content\/uploads\/barthe_gites_logo.png","width":327,"height":200,"caption":"Barthe Gites"},"image":{"@id":"https:\/\/barthegites.com\/#logo"}},{"@type":"WebSite","@id":"https:\/\/barthegites.com\/#website","url":"https:\/\/barthegites.com\/","name":"Barthe Gites","description":"","publisher":{"@id":"https:\/\/barthegites.com\/#organization"},"potentialAction":[{"@type":"SearchAction","target":{"@type":"EntryPoint","urlTemplate":"https:\/\/barthegites.com\/?s={search_term_string}"},"query-input":"required name=search_term_string"}],"inLanguage":"fr-FR"},{"@type":"WebPage","@id":"https:\/\/barthegites.com\/facilities\/#webpage","url":"https:\/\/barthegites.com\/facilities\/","name":"Facilities at Domaine de Barthe","isPartOf":{"@id":"https:\/\/barthegites.com\/#website"},"datePublished":"2015-10-15T13:54:05+00:00","dateModified":"2025-11-14T16:17:02+00:00","description":"Facilities at Domaine de Barthe include swimming pool, courtyard, games barn, petanque court, Barbeques and giant chess","breadcrumb":{"@id":"https:\/\/barthegites.com\/facilities\/#breadcrumb"},"inLanguage":"fr-FR","potentialAction":[{"@type":"ReadAction","target":["https:\/\/barthegites.com\/facilities\/"]}]},{"@type":"BreadcrumbList","@id":"https:\/\/barthegites.com\/facilities\/#breadcrumb","itemListElement":[{"@type":"ListItem","position":1,"name":"Home","item":"https:\/\/barthegites.com\/"},{"@type":"ListItem","position":2,"name":"Facilities"}]}]}},"_links":{"self":[{"href":"https:\/\/barthegites.com\/fr\/wp-json\/wp\/v2\/pages\/241"}],"collection":[{"href":"https:\/\/barthegites.com\/fr\/wp-json\/wp\/v2\/pages"}],"about":[{"href":"https:\/\/barthegites.com\/fr\/wp-json\/wp\/v2\/types\/page"}],"author":[{"embeddable":true,"href":"https:\/\/barthegites.com\/fr\/wp-json\/wp\/v2\/users\/1"}],"replies":[{"embeddable":true,"href":"https:\/\/barthegites.com\/fr\/wp-json\/wp\/v2\/comments?post=241"}],"version-history":[{"count":81,"href":"https:\/\/barthegites.com\/fr\/wp-json\/wp\/v2\/pages\/241\/revisions"}],"predecessor-version":[{"id":1303,"href":"https:\/\/barthegites.com\/fr\/wp-json\/wp\/v2\/pages\/241\/revisions\/1303"}],"wp:attachment":[{"href":"https:\/\/barthegites.com\/fr\/wp-json\/wp\/v2\/media?parent=241"}],"curies":[{"name":"wp","href":"https:\/\/api.w.org\/{rel}","templated":true}]}}