{"id":228,"date":"2015-10-14T20:54:08","date_gmt":"2015-10-14T19:54:08","guid":{"rendered":"http:\/\/barthegites.com\/?page_id=228"},"modified":"2025-11-14T11:55:11","modified_gmt":"2025-11-14T11:55:11","slug":"corbiere-holiday-cottage","status":"publish","type":"page","link":"https:\/\/barthegites.com\/fr\/corbiere-holiday-cottage\/","title":{"rendered":"Corbiere Cottage"},"content":{"rendered":"[vc_row full_width=\u00a0\u00bbstretch_row\u00a0\u00bb parallax=\u00a0\u00bbcontent-moving\u00a0\u00bb parallax_image=\u00a0\u00bb235&Prime; enable_overlay=\u00a0\u00bbtrue\u00a0\u00bb bg_overlay=\u00a0\u00bbrgba(0,0,0,0.3)\u00a0\u00bb css=\u00a0\u00bb.vc_custom_1444853042585{padding-top: 150px !important;padding-bottom: 80px !important;}\u00a0\u00bb][vc_column]<div class=\"awe-special-heading text-center\" style=\"color:#ffffff;\"><h2>Corbiere Cottage de vacances<\/h2><div class=\"awe-subheading below\"><p>2 Chambres | Peut accueillir 4 personnes<\/p><\/div><\/div>[\/vc_column][\/vc_row][vc_row content_placement=\u00a0\u00bbtop\u00a0\u00bb css=\u00a0\u00bb.vc_custom_1763120995308{padding-top: 50px !important;}\u00a0\u00bb][vc_column offset=\u00a0\u00bbvc_col-lg-offset-0 vc_col-lg-12 vc_col-md-offset-0 vc_col-md-12 vc_col-sm-offset-0 vc_col-xs-12&Prime;][vc_column_text size=\u00a0\u00bb0&Prime;]\n<h4>La maison de vacances Corbiere se compose de 2 chambres offrant 75 m\u00e8tres carr\u00e9s de style typiquement rustique et adapt\u00e9 \u00e0 4 personnes.<\/h4>\n[\/vc_column_text][\/vc_column][\/vc_row][vc_row content_placement=\u00a0\u00bbtop\u00a0\u00bb css=\u00a0\u00bb.vc_custom_1763121062815{padding-bottom: 50px !important;}\u00a0\u00bb][vc_column offset=\u00a0\u00bbvc_col-lg-offset-0 vc_col-lg-3 vc_col-md-offset-0 vc_col-md-12 vc_col-sm-offset-0 vc_col-xs-12&Prime;][vc_column_text size=\u00a0\u00bb0&Prime;]Le rez-de-chauss\u00e9e comprend une cuisine ouverte, salle \u00e0 manger et salon. A l&rsquo;\u00e9tage se trouvent 1 chambre double et 1 chambre \u00e0 deux lits et une salle de douche avec WC s\u00e9par\u00e9.<\/p>\n<p>Tous nos g\u00eetes de vacances sont enti\u00e8rement \u00e9quip\u00e9s pour votre plaisir de vacances en plein air. Ils incluent les co\u00fbts de l&rsquo;eau, de l&rsquo;\u00e9lectricit\u00e9 et des gaz en bouteille. Tous les draps et les serviettes sont fournis \u00e0 l&rsquo;usage du g\u00eete (sauf les serviettes de plage \/ piscine, pouvant \u00eatre lou\u00e9es \u00e0 titre indicatif). Un service de blanchisserie est \u00e9galement offert \u00e0 une charge nominale (lavage, s\u00e9chage et retour repli\u00e9s mais pas repass\u00e9).[\/vc_column_text][\/vc_column][vc_column offset=\u00a0\u00bbvc_col-lg-offset-0 vc_col-lg-9 vc_col-md-offset-0 vc_col-md-12 vc_col-sm-offset-0 vc_col-xs-12&Prime;][vc_gallery type=\u00a0\u00bbimage_grid\u00a0\u00bb images=\u00a0\u00bb234,824,231,1183,1185,1184&Prime; img_size=\u00a0\u00bbfull\u00a0\u00bb][\/vc_column][\/vc_row]","protected":false},"excerpt":{"rendered":"<p>[vc_row full_width=\u00a0\u00bbstretch_row\u00a0\u00bb parallax=\u00a0\u00bbcontent-moving\u00a0\u00bb parallax_image=\u00a0\u00bb235&Prime; enable_overlay=\u00a0\u00bbtrue\u00a0\u00bb bg_overlay=\u00a0\u00bbrgba(0,0,0,0.3)\u00a0\u00bb css=\u00a0\u00bb.vc_custom_1444853042585{padding-top: 150px !important;padding-bottom: 80px !important;}\u00a0\u00bb][vc_column][\/vc_column][\/vc_row][vc_row content_placement=\u00a0\u00bbtop\u00a0\u00bb css=\u00a0\u00bb.vc_custom_1763120995308{padding-top: 50px !important;}\u00a0\u00bb][vc_column offset=\u00a0\u00bbvc_col-lg-offset-0 vc_col-lg-12 vc_col-md-offset-0 vc_col-md-12 vc_col-sm-offset-0 vc_col-xs-12&Prime;][vc_column_text size=\u00a0\u00bb0&Prime;] La maison de vacances Corbiere se compose de 2 chambres offrant 75 m\u00e8tres carr\u00e9s de style typiquement rustique et adapt\u00e9 \u00e0 4 personnes. [\/vc_column_text][\/vc_column][\/vc_row][vc_row content_placement=\u00a0\u00bbtop\u00a0\u00bb css=\u00a0\u00bb.vc_custom_1763121062815{padding-bottom: 50px !important;}\u00a0\u00bb][vc_column offset=\u00a0\u00bbvc_col-lg-offset-0 vc_col-lg-3 vc_col-md-offset-0 vc_col-md-12 vc_col-sm-offset-0 &hellip;<\/p>\n","protected":false},"author":1,"featured_media":0,"parent":0,"menu_order":0,"comment_status":"closed","ping_status":"closed","template":"","meta":[],"yoast_head":"<!-- This site is optimized with the Yoast SEO plugin v18.1 - https:\/\/yoast.com\/wordpress\/plugins\/seo\/ -->\n<title>Corbiere holiday cottage<\/title>\n<meta name=\"description\" content=\"Corbiere holiday cottage is a 2 bedroom gite providing accommodation for up to 4 persons. The gite is fully equipped for self catering holiday letting.\" \/>\n<meta name=\"robots\" content=\"index, follow, max-snippet:-1, max-image-preview:large, max-video-preview:-1\" \/>\n<link rel=\"canonical\" href=\"https:\/\/barthegites.com\/corbiere-holiday-cottage\/\" \/>\n<meta property=\"og:locale\" content=\"fr_FR\" \/>\n<meta property=\"og:type\" content=\"article\" \/>\n<meta property=\"og:title\" content=\"Corbiere holiday cottage\" \/>\n<meta property=\"og:description\" content=\"Corbiere holiday cottage is a 2 bedroom gite providing accommodation for up to 4 persons. The gite is fully equipped for self catering holiday letting.\" \/>\n<meta property=\"og:url\" content=\"https:\/\/barthegites.com\/corbiere-holiday-cottage\/\" \/>\n<meta property=\"og:site_name\" content=\"Barthe Gites\" \/>\n<meta property=\"article:modified_time\" content=\"2025-11-14T11:55:11+00:00\" \/>\n<meta name=\"twitter:card\" content=\"summary\" \/>\n<meta name=\"twitter:label1\" content=\"Dur\u00e9e de lecture estim\u00e9e\" \/>\n\t<meta name=\"twitter:data1\" content=\"1 minute\" \/>\n<script type=\"application\/ld+json\" class=\"yoast-schema-graph\">{\"@context\":\"https:\/\/schema.org\",\"@graph\":[{\"@type\":\"Organization\",\"@id\":\"https:\/\/barthegites.com\/#organization\",\"name\":\"Barthe Gites\",\"url\":\"https:\/\/barthegites.com\/\",\"sameAs\":[],\"logo\":{\"@type\":\"ImageObject\",\"@id\":\"https:\/\/barthegites.com\/#logo\",\"inLanguage\":\"fr-FR\",\"url\":\"https:\/\/barthegites.com\/wp-content\/uploads\/barthe_gites_logo.png\",\"contentUrl\":\"https:\/\/barthegites.com\/wp-content\/uploads\/barthe_gites_logo.png\",\"width\":327,\"height\":200,\"caption\":\"Barthe Gites\"},\"image\":{\"@id\":\"https:\/\/barthegites.com\/#logo\"}},{\"@type\":\"WebSite\",\"@id\":\"https:\/\/barthegites.com\/#website\",\"url\":\"https:\/\/barthegites.com\/\",\"name\":\"Barthe Gites\",\"description\":\"\",\"publisher\":{\"@id\":\"https:\/\/barthegites.com\/#organization\"},\"potentialAction\":[{\"@type\":\"SearchAction\",\"target\":{\"@type\":\"EntryPoint\",\"urlTemplate\":\"https:\/\/barthegites.com\/?s={search_term_string}\"},\"query-input\":\"required name=search_term_string\"}],\"inLanguage\":\"fr-FR\"},{\"@type\":\"WebPage\",\"@id\":\"https:\/\/barthegites.com\/corbiere-holiday-cottage\/#webpage\",\"url\":\"https:\/\/barthegites.com\/corbiere-holiday-cottage\/\",\"name\":\"Corbiere holiday cottage\",\"isPartOf\":{\"@id\":\"https:\/\/barthegites.com\/#website\"},\"datePublished\":\"2015-10-14T19:54:08+00:00\",\"dateModified\":\"2025-11-14T11:55:11+00:00\",\"description\":\"Corbiere holiday cottage is a 2 bedroom gite providing accommodation for up to 4 persons. The gite is fully equipped for self catering holiday letting.\",\"breadcrumb\":{\"@id\":\"https:\/\/barthegites.com\/corbiere-holiday-cottage\/#breadcrumb\"},\"inLanguage\":\"fr-FR\",\"potentialAction\":[{\"@type\":\"ReadAction\",\"target\":[\"https:\/\/barthegites.com\/corbiere-holiday-cottage\/\"]}]},{\"@type\":\"BreadcrumbList\",\"@id\":\"https:\/\/barthegites.com\/corbiere-holiday-cottage\/#breadcrumb\",\"itemListElement\":[{\"@type\":\"ListItem\",\"position\":1,\"name\":\"Home\",\"item\":\"https:\/\/barthegites.com\/\"},{\"@type\":\"ListItem\",\"position\":2,\"name\":\"Corbiere Cottage\"}]}]}<\/script>\n<!-- \/ Yoast SEO plugin. -->","yoast_head_json":{"title":"Corbiere holiday cottage","description":"Corbiere holiday cottage is a 2 bedroom gite providing accommodation for up to 4 persons. The gite is fully equipped for self catering holiday letting.","robots":{"index":"index","follow":"follow","max-snippet":"max-snippet:-1","max-image-preview":"max-image-preview:large","max-video-preview":"max-video-preview:-1"},"canonical":"https:\/\/barthegites.com\/corbiere-holiday-cottage\/","og_locale":"fr_FR","og_type":"article","og_title":"Corbiere holiday cottage","og_description":"Corbiere holiday cottage is a 2 bedroom gite providing accommodation for up to 4 persons. The gite is fully equipped for self catering holiday letting.","og_url":"https:\/\/barthegites.com\/corbiere-holiday-cottage\/","og_site_name":"Barthe Gites","article_modified_time":"2025-11-14T11:55:11+00:00","twitter_card":"summary","twitter_misc":{"Dur\u00e9e de lecture estim\u00e9e":"1 minute"},"schema":{"@context":"https:\/\/schema.org","@graph":[{"@type":"Organization","@id":"https:\/\/barthegites.com\/#organization","name":"Barthe Gites","url":"https:\/\/barthegites.com\/","sameAs":[],"logo":{"@type":"ImageObject","@id":"https:\/\/barthegites.com\/#logo","inLanguage":"fr-FR","url":"https:\/\/barthegites.com\/wp-content\/uploads\/barthe_gites_logo.png","contentUrl":"https:\/\/barthegites.com\/wp-content\/uploads\/barthe_gites_logo.png","width":327,"height":200,"caption":"Barthe Gites"},"image":{"@id":"https:\/\/barthegites.com\/#logo"}},{"@type":"WebSite","@id":"https:\/\/barthegites.com\/#website","url":"https:\/\/barthegites.com\/","name":"Barthe Gites","description":"","publisher":{"@id":"https:\/\/barthegites.com\/#organization"},"potentialAction":[{"@type":"SearchAction","target":{"@type":"EntryPoint","urlTemplate":"https:\/\/barthegites.com\/?s={search_term_string}"},"query-input":"required name=search_term_string"}],"inLanguage":"fr-FR"},{"@type":"WebPage","@id":"https:\/\/barthegites.com\/corbiere-holiday-cottage\/#webpage","url":"https:\/\/barthegites.com\/corbiere-holiday-cottage\/","name":"Corbiere holiday cottage","isPartOf":{"@id":"https:\/\/barthegites.com\/#website"},"datePublished":"2015-10-14T19:54:08+00:00","dateModified":"2025-11-14T11:55:11+00:00","description":"Corbiere holiday cottage is a 2 bedroom gite providing accommodation for up to 4 persons. The gite is fully equipped for self catering holiday letting.","breadcrumb":{"@id":"https:\/\/barthegites.com\/corbiere-holiday-cottage\/#breadcrumb"},"inLanguage":"fr-FR","potentialAction":[{"@type":"ReadAction","target":["https:\/\/barthegites.com\/corbiere-holiday-cottage\/"]}]},{"@type":"BreadcrumbList","@id":"https:\/\/barthegites.com\/corbiere-holiday-cottage\/#breadcrumb","itemListElement":[{"@type":"ListItem","position":1,"name":"Home","item":"https:\/\/barthegites.com\/"},{"@type":"ListItem","position":2,"name":"Corbiere Cottage"}]}]}},"_links":{"self":[{"href":"https:\/\/barthegites.com\/fr\/wp-json\/wp\/v2\/pages\/228"}],"collection":[{"href":"https:\/\/barthegites.com\/fr\/wp-json\/wp\/v2\/pages"}],"about":[{"href":"https:\/\/barthegites.com\/fr\/wp-json\/wp\/v2\/types\/page"}],"author":[{"embeddable":true,"href":"https:\/\/barthegites.com\/fr\/wp-json\/wp\/v2\/users\/1"}],"replies":[{"embeddable":true,"href":"https:\/\/barthegites.com\/fr\/wp-json\/wp\/v2\/comments?post=228"}],"version-history":[{"count":13,"href":"https:\/\/barthegites.com\/fr\/wp-json\/wp\/v2\/pages\/228\/revisions"}],"predecessor-version":[{"id":1291,"href":"https:\/\/barthegites.com\/fr\/wp-json\/wp\/v2\/pages\/228\/revisions\/1291"}],"wp:attachment":[{"href":"https:\/\/barthegites.com\/fr\/wp-json\/wp\/v2\/media?parent=228"}],"curies":[{"name":"wp","href":"https:\/\/api.w.org\/{rel}","templated":true}]}}