{"id":1081,"date":"2024-10-21T14:41:58","date_gmt":"2024-10-21T13:41:58","guid":{"rendered":"https:\/\/barthegites.com\/?page_id=1081"},"modified":"2025-11-14T16:10:24","modified_gmt":"2025-11-14T16:10:24","slug":"home-2025","status":"publish","type":"page","link":"https:\/\/barthegites.com\/fr\/","title":{"rendered":"Home"},"content":{"rendered":"[vc_row full_width=\u00a0\u00bbstretch_row\u00a0\u00bb enable_overlay=\u00a0\u00bbtrue\u00a0\u00bb css=\u00a0\u00bb.vc_custom_1445267081056{margin-bottom: 20px !important;background-color: #9a3831 !important;}\u00a0\u00bb][vc_column][rev_slider_vc alias=\u00a0\u00bbhome-page-slider\u00a0\u00bb][\/vc_column][\/vc_row][vc_row enable_overlay=\u00a0\u00bbtrue\u00a0\u00bb css=\u00a0\u00bb.vc_custom_1644420723095{margin-top: 0px !important;margin-bottom: 10px !important;padding-top: 30px !important;}\u00a0\u00bb][vc_column]<div class=\"awe-special-heading text-left\" style=\"padding-bottom:15px;color:#933831;\"><h1 style=\"font-size:40px\">H\u00e9bergement en g\u00eete de vacances, pr\u00e8s de Carcassonne, Languedoc Roussillon<\/h1><\/div><div class=\"awe-special-heading text-left\" style=\"padding-bottom:6px;color:#526f2b;\"><h3 style=\"font-size:24px\">Choix de 4 propri\u00e9t\u00e9s ind\u00e9pendantes, adapt\u00e9es aux vacances individuelles ou en groupe.<\/h3><\/div>[\/vc_column][\/vc_row][vc_row][vc_column width=\u00a0\u00bb1\/2&Prime;][vc_column_text size=\u00a0\u00bb18&Prime;]<strong>Bienvenue \u00e0 Barthegites, situ\u00e9 dans le Domaine de Barthe, pr\u00e8s de Carcassonne, dans la province du Languedoc-Roussillon du Sud de la France.<\/strong><\/p>\n<p>Le Domaine de Barthe appartient est et dirig\u00e9 par Mark et Nicole Adams, qui ont v\u00e9cu en permanence sur le site depuis f\u00e9vrier 2005 et ont \u00e9tabli un environnement de vacances idylliques et paisibles pour fournir une base tr\u00e8s confortable \u00e0 partir de laquelle vous pouvez explorer la r\u00e9gion. Le Domaine de Barthe est un ancien domaine viticole situ\u00e9 dans la vall\u00e9e de l&rsquo;Aude adjoignant les r\u00e9gions viticoles de Corbiere et Minervois. Il est entour\u00e9 de vignobles, et \u00e0 seulement un kilom\u00e8tre des villages de Douzens et Blomac et \u00e0 2 km de la plus grande ville Capendu avec ses commerces etc. Le domaine s\u2019\u00e9tend sur 2 hectares (5 acres) de ses propres vignes et se trouve \u00e0 quelques centaines de m\u00e8tres de la rivi\u00e8re Aude. Et seulement \u00e0 50 kilom\u00e8tres (35 miles) de la mer, dans une v\u00e9ritable zone climatique m\u00e9diterran\u00e9enne.<\/p>\n<p>Nous avons un choix de 4 g\u00eetes, tous dans le m\u00eame site, pour offrir un h\u00e9bergement confortable de entre 2 \u00e0 20 personnes. 2 chalets sont mitoyens et l&rsquo;autre est rattach\u00e9 \u00e0 une grange adjacente dont l&rsquo;appartement est au-dessus, ce qui rend le logement id\u00e9al pour les couples, les familles individuelles ou les vacances collectives. Chaque propri\u00e9t\u00e9 a son propre espace ext\u00e9rieur exclusif; Les 3 chalets se trouvent dans la grande cour et on acc\u00e8de \u00e0 l&rsquo;appartement juste au-del\u00e0. Les clients pourront \u00e9galement profiter de zones s\u00e9par\u00e9es pour les loisirs et la d\u00e9tente, y compris une piscine de 14m x 6m, une grange convertie en salle de jeux et une grande aire de barbecue \/ p\u00e9tanque.<br \/>\n[\/vc_column_text][\/vc_column][vc_column width=\u00a0\u00bb1\/2&Prime; enable_overlay=\u00a0\u00bbtrue\u00a0\u00bb][vc_row_inner][vc_column_inner width=\u00a0\u00bb1\/2&Prime;][vc_single_image image=\u00a0\u00bb1188&Prime; img_size=\u00a0\u00bbfull\u00a0\u00bb alignment=\u00a0\u00bbcenter\u00a0\u00bb onclick=\u00a0\u00bbcustom_link\u00a0\u00bb link=\u00a0\u00bb\/fitou-holiday-apartment\u00a0\u00bb title=\u00a0\u00bbFitou Apartment\u00a0\u00bb css=\u00a0\u00bb.vc_custom_1762529693847{margin-bottom: 0px !important;padding-bottom: 0px !important;}\u00a0\u00bb][vc_column_text size=\u00a0\u00bb0&Prime; css=\u00a0\u00bb.vc_custom_1445844564980{margin-top: 0px !important;margin-bottom: 20px !important;padding-top: 0px !important;}\u00a0\u00bb]\n<p style=\"text-align: center;\">(3 bedrooms \/ sleeps 6)<\/p>\n[\/vc_column_text][vc_single_image image=\u00a0\u00bb1173&Prime; img_size=\u00a0\u00bbfull\u00a0\u00bb alignment=\u00a0\u00bbcenter\u00a0\u00bb onclick=\u00a0\u00bbcustom_link\u00a0\u00bb title=\u00a0\u00bbAlaric Cottage\u00a0\u00bb link=\u00a0\u00bb\/alaric-holiday-cottage\u00a0\u00bb css=\u00a0\u00bb.vc_custom_1762529713448{margin-bottom: 0px !important;padding-bottom: 0px !important;}\u00a0\u00bb][vc_column_text size=\u00a0\u00bb0&Prime; css=\u00a0\u00bb.vc_custom_1445850427293{margin-top: 0px !important;margin-bottom: 20px !important;padding-top: 0px !important;}\u00a0\u00bb]\n<p style=\"text-align: center;\">(2 bedrooms \/ sleeps 4)<\/p>\n[\/vc_column_text][\/vc_column_inner][vc_column_inner width=\u00a0\u00bb1\/2&Prime;][vc_single_image image=\u00a0\u00bb1197&Prime; img_size=\u00a0\u00bbfull\u00a0\u00bb alignment=\u00a0\u00bbcenter\u00a0\u00bb onclick=\u00a0\u00bbcustom_link\u00a0\u00bb title=\u00a0\u00bbMinervois Cottage\u00a0\u00bb link=\u00a0\u00bb\/minervois-holiday-cottage\u00a0\u00bb css=\u00a0\u00bb.vc_custom_1762529732061{margin-bottom: 0px !important;padding-bottom: 0px !important;}\u00a0\u00bb][vc_column_text size=\u00a0\u00bb0&Prime; css=\u00a0\u00bb.vc_custom_1445844564980{margin-top: 0px !important;margin-bottom: 20px !important;padding-top: 0px !important;}\u00a0\u00bb]\n<p style=\"text-align: center;\">(3 bedrooms \/ sleeps 6)<\/p>\n[\/vc_column_text][vc_single_image image=\u00a0\u00bb234&Prime; img_size=\u00a0\u00bbfull\u00a0\u00bb alignment=\u00a0\u00bbcenter\u00a0\u00bb onclick=\u00a0\u00bbcustom_link\u00a0\u00bb title=\u00a0\u00bbCorbiere Cottage\u00a0\u00bb link=\u00a0\u00bb\/corbiere-holiday-cottage\u00a0\u00bb css=\u00a0\u00bb.vc_custom_1464691989960{margin-bottom: 0px !important;padding-bottom: 0px !important;}\u00a0\u00bb][vc_column_text size=\u00a0\u00bb0&Prime; css=\u00a0\u00bb.vc_custom_1445850445371{margin-top: 0px !important;margin-bottom: 20px !important;padding-top: 0px !important;}\u00a0\u00bb]\n<p style=\"text-align: center;\">(2 bedrooms \/ sleeps 4)<\/p>\n[\/vc_column_text][\/vc_column_inner][\/vc_row_inner][\/vc_column][\/vc_row]","protected":false},"excerpt":{"rendered":"<p>[vc_row full_width=\u00a0\u00bbstretch_row\u00a0\u00bb enable_overlay=\u00a0\u00bbtrue\u00a0\u00bb css=\u00a0\u00bb.vc_custom_1445267081056{margin-bottom: 20px !important;background-color: #9a3831 !important;}\u00a0\u00bb][vc_column][rev_slider_vc alias=\u00a0\u00bbhome-page-slider\u00a0\u00bb][\/vc_column][\/vc_row][vc_row enable_overlay=\u00a0\u00bbtrue\u00a0\u00bb css=\u00a0\u00bb.vc_custom_1644420723095{margin-top: 0px !important;margin-bottom: 10px !important;padding-top: 30px !important;}\u00a0\u00bb][vc_column][\/vc_column][\/vc_row][vc_row][vc_column width=\u00a0\u00bb1\/2&Prime;][vc_column_text size=\u00a0\u00bb18&Prime;]Bienvenue \u00e0 Barthegites, situ\u00e9 dans le Domaine de Barthe, pr\u00e8s de Carcassonne, dans la province du Languedoc-Roussillon du Sud de la France. Le Domaine de Barthe appartient est et dirig\u00e9 par Mark et Nicole Adams, qui ont &hellip;<\/p>\n","protected":false},"author":1,"featured_media":0,"parent":0,"menu_order":0,"comment_status":"closed","ping_status":"closed","template":"","meta":[],"yoast_head":"<!-- This site is optimized with the Yoast SEO plugin v18.1 - https:\/\/yoast.com\/wordpress\/plugins\/seo\/ -->\n<title>holiday gite accommodation near Carcassonne Languedoc Roussillon<\/title>\n<meta name=\"description\" content=\"Self catering gites within domaine de barthe near Carcassonne in Languedoc Roussillon province of the south of france for individual or group holidays\" \/>\n<meta name=\"robots\" content=\"index, follow, max-snippet:-1, max-image-preview:large, max-video-preview:-1\" \/>\n<link rel=\"canonical\" href=\"https:\/\/barthegites.com\/\" \/>\n<meta property=\"og:locale\" content=\"fr_FR\" \/>\n<meta property=\"og:type\" content=\"article\" \/>\n<meta property=\"og:title\" content=\"holiday gite accommodation near Carcassonne Languedoc Roussillon\" \/>\n<meta property=\"og:description\" content=\"Self catering gites within domaine de barthe near Carcassonne in Languedoc Roussillon province of the south of france for individual or group holidays\" \/>\n<meta property=\"og:url\" content=\"https:\/\/barthegites.com\/\" \/>\n<meta property=\"og:site_name\" content=\"Barthe Gites\" \/>\n<meta property=\"article:modified_time\" content=\"2025-11-14T16:10:24+00:00\" \/>\n<meta name=\"twitter:card\" content=\"summary\" \/>\n<meta name=\"twitter:label1\" content=\"Dur\u00e9e de lecture estim\u00e9e\" \/>\n\t<meta name=\"twitter:data1\" content=\"2 minutes\" \/>\n<script type=\"application\/ld+json\" class=\"yoast-schema-graph\">{\"@context\":\"https:\/\/schema.org\",\"@graph\":[{\"@type\":\"Organization\",\"@id\":\"https:\/\/barthegites.com\/#organization\",\"name\":\"Barthe Gites\",\"url\":\"https:\/\/barthegites.com\/\",\"sameAs\":[],\"logo\":{\"@type\":\"ImageObject\",\"@id\":\"https:\/\/barthegites.com\/#logo\",\"inLanguage\":\"fr-FR\",\"url\":\"https:\/\/barthegites.com\/wp-content\/uploads\/barthe_gites_logo.png\",\"contentUrl\":\"https:\/\/barthegites.com\/wp-content\/uploads\/barthe_gites_logo.png\",\"width\":327,\"height\":200,\"caption\":\"Barthe Gites\"},\"image\":{\"@id\":\"https:\/\/barthegites.com\/#logo\"}},{\"@type\":\"WebSite\",\"@id\":\"https:\/\/barthegites.com\/#website\",\"url\":\"https:\/\/barthegites.com\/\",\"name\":\"Barthe Gites\",\"description\":\"\",\"publisher\":{\"@id\":\"https:\/\/barthegites.com\/#organization\"},\"potentialAction\":[{\"@type\":\"SearchAction\",\"target\":{\"@type\":\"EntryPoint\",\"urlTemplate\":\"https:\/\/barthegites.com\/?s={search_term_string}\"},\"query-input\":\"required name=search_term_string\"}],\"inLanguage\":\"fr-FR\"},{\"@type\":\"WebPage\",\"@id\":\"https:\/\/barthegites.com\/#webpage\",\"url\":\"https:\/\/barthegites.com\/\",\"name\":\"holiday gite accommodation near Carcassonne Languedoc Roussillon\",\"isPartOf\":{\"@id\":\"https:\/\/barthegites.com\/#website\"},\"datePublished\":\"2024-10-21T13:41:58+00:00\",\"dateModified\":\"2025-11-14T16:10:24+00:00\",\"description\":\"Self catering gites within domaine de barthe near Carcassonne in Languedoc Roussillon province of the south of france for individual or group holidays\",\"breadcrumb\":{\"@id\":\"https:\/\/barthegites.com\/#breadcrumb\"},\"inLanguage\":\"fr-FR\",\"potentialAction\":[{\"@type\":\"ReadAction\",\"target\":[\"https:\/\/barthegites.com\/\"]}]},{\"@type\":\"BreadcrumbList\",\"@id\":\"https:\/\/barthegites.com\/#breadcrumb\",\"itemListElement\":[{\"@type\":\"ListItem\",\"position\":1,\"name\":\"Home\",\"item\":\"https:\/\/barthegites.com\/\"},{\"@type\":\"ListItem\",\"position\":2,\"name\":\"Home\"}]}]}<\/script>\n<!-- \/ Yoast SEO plugin. -->","yoast_head_json":{"title":"holiday gite accommodation near Carcassonne Languedoc Roussillon","description":"Self catering gites within domaine de barthe near Carcassonne in Languedoc Roussillon province of the south of france for individual or group holidays","robots":{"index":"index","follow":"follow","max-snippet":"max-snippet:-1","max-image-preview":"max-image-preview:large","max-video-preview":"max-video-preview:-1"},"canonical":"https:\/\/barthegites.com\/","og_locale":"fr_FR","og_type":"article","og_title":"holiday gite accommodation near Carcassonne Languedoc Roussillon","og_description":"Self catering gites within domaine de barthe near Carcassonne in Languedoc Roussillon province of the south of france for individual or group holidays","og_url":"https:\/\/barthegites.com\/","og_site_name":"Barthe Gites","article_modified_time":"2025-11-14T16:10:24+00:00","twitter_card":"summary","twitter_misc":{"Dur\u00e9e de lecture estim\u00e9e":"2 minutes"},"schema":{"@context":"https:\/\/schema.org","@graph":[{"@type":"Organization","@id":"https:\/\/barthegites.com\/#organization","name":"Barthe Gites","url":"https:\/\/barthegites.com\/","sameAs":[],"logo":{"@type":"ImageObject","@id":"https:\/\/barthegites.com\/#logo","inLanguage":"fr-FR","url":"https:\/\/barthegites.com\/wp-content\/uploads\/barthe_gites_logo.png","contentUrl":"https:\/\/barthegites.com\/wp-content\/uploads\/barthe_gites_logo.png","width":327,"height":200,"caption":"Barthe Gites"},"image":{"@id":"https:\/\/barthegites.com\/#logo"}},{"@type":"WebSite","@id":"https:\/\/barthegites.com\/#website","url":"https:\/\/barthegites.com\/","name":"Barthe Gites","description":"","publisher":{"@id":"https:\/\/barthegites.com\/#organization"},"potentialAction":[{"@type":"SearchAction","target":{"@type":"EntryPoint","urlTemplate":"https:\/\/barthegites.com\/?s={search_term_string}"},"query-input":"required name=search_term_string"}],"inLanguage":"fr-FR"},{"@type":"WebPage","@id":"https:\/\/barthegites.com\/#webpage","url":"https:\/\/barthegites.com\/","name":"holiday gite accommodation near Carcassonne Languedoc Roussillon","isPartOf":{"@id":"https:\/\/barthegites.com\/#website"},"datePublished":"2024-10-21T13:41:58+00:00","dateModified":"2025-11-14T16:10:24+00:00","description":"Self catering gites within domaine de barthe near Carcassonne in Languedoc Roussillon province of the south of france for individual or group holidays","breadcrumb":{"@id":"https:\/\/barthegites.com\/#breadcrumb"},"inLanguage":"fr-FR","potentialAction":[{"@type":"ReadAction","target":["https:\/\/barthegites.com\/"]}]},{"@type":"BreadcrumbList","@id":"https:\/\/barthegites.com\/#breadcrumb","itemListElement":[{"@type":"ListItem","position":1,"name":"Home","item":"https:\/\/barthegites.com\/"},{"@type":"ListItem","position":2,"name":"Home"}]}]}},"_links":{"self":[{"href":"https:\/\/barthegites.com\/fr\/wp-json\/wp\/v2\/pages\/1081"}],"collection":[{"href":"https:\/\/barthegites.com\/fr\/wp-json\/wp\/v2\/pages"}],"about":[{"href":"https:\/\/barthegites.com\/fr\/wp-json\/wp\/v2\/types\/page"}],"author":[{"embeddable":true,"href":"https:\/\/barthegites.com\/fr\/wp-json\/wp\/v2\/users\/1"}],"replies":[{"embeddable":true,"href":"https:\/\/barthegites.com\/fr\/wp-json\/wp\/v2\/comments?post=1081"}],"version-history":[{"count":61,"href":"https:\/\/barthegites.com\/fr\/wp-json\/wp\/v2\/pages\/1081\/revisions"}],"predecessor-version":[{"id":1299,"href":"https:\/\/barthegites.com\/fr\/wp-json\/wp\/v2\/pages\/1081\/revisions\/1299"}],"wp:attachment":[{"href":"https:\/\/barthegites.com\/fr\/wp-json\/wp\/v2\/media?parent=1081"}],"curies":[{"name":"wp","href":"https:\/\/api.w.org\/{rel}","templated":true}]}}