{"id":1049,"date":"2023-08-21T09:09:57","date_gmt":"2023-08-21T08:09:57","guid":{"rendered":"https:\/\/barthegites.com\/?page_id=1049"},"modified":"2025-11-13T14:50:14","modified_gmt":"2025-11-13T14:50:14","slug":"2024-rates","status":"publish","type":"page","link":"https:\/\/barthegites.com\/fr\/2024-rates\/","title":{"rendered":"2024 Tarifs"},"content":{"rendered":"[vc_row][vc_column][vc_column_text][\/vc_column_text][\/vc_column][\/vc_row][vc_row][vc_column][vc_column_text][\/vc_column_text][\/vc_column][\/vc_row][vc_row full_width=\u00a0\u00bbstretch_row\u00a0\u00bb parallax=\u00a0\u00bbcontent-moving\u00a0\u00bb parallax_image=\u00a0\u00bb359&Prime; enable_overlay=\u00a0\u00bbtrue\u00a0\u00bb css=\u00a0\u00bb.vc_custom_1444986649651{padding-top: 150px !important;padding-bottom: 80px !important;}\u00a0\u00bb][vc_column]<div class=\"awe-special-heading text-center\" style=\"color:#ffffff;\"><h2>2024 Tarifs<\/h2><\/div>[\/vc_column][\/vc_row][vc_row css=\u00a0\u00bb.vc_custom_1644424087106{padding-top: 50px !important;padding-bottom: 50px !important;}\u00a0\u00bb][vc_column]<div class=\"awe-special-heading text-left\" style=\"padding-bottom:12px;color:#444444;\"><h3 style=\"font-size:24px\">Tarifs de location de vacances 2024<\/h3><\/div>[vc_raw_html]VEFSSUZTJTIwSEVCRE9NQURBSVJFUyUwQSUzQ3RhYmxlJTNFJTBBJTNDdHIlM0UlMEElM0N0aCUzRURhdGUlMjAlMjhwYXIlMjBzZW1haW5lJTI5JTNDJTJGdGglM0UlMEElM0N0aCUzRU1pbmVydm9pcyUzQ2JyJTIwJTJGJTNFJTNDc3BhbiUzRSUyODMlMjBjaGFtYnJlcyUyOSUzQyUyRnNwYW4lM0UlM0MlMkZ0aCUzRSUwQSUzQ3RoJTNFQ29yYmllcmUlM0NiciUyMCUyRiUzRSUzQ3NwYW4lM0UlMjgyJTIwY2hhbWJyZXMlMjklM0MlMkZzcGFuJTNFJTNDJTJGdGglM0UlMEElM0N0aCUzRUFsYXJpYyUzQ2JyJTIwJTJGJTNFJTNDc3BhbiUzRSUyODIlMjBjaGFtYnJlcyUyOSUzQyUyRnNwYW4lM0UlM0MlMkZ0aCUzRSUwQSUzQ3RoJTNFRml0b3UlM0NiciUyMCUyRiUzRSUzQ3NwYW4lM0UlMjgzJTIwY2hhbWJyZXMlMjklM0MlMkZzcGFuJTNFJTNDJTJGdGglM0UlMEElM0N0aCUzRUJhcnRoZSUzQ2JyJTIwJTJGJTNFJTNDc3BhbiUzRSUyODEwJTIwY2hhbWJyZXMlMjklM0MlMkZzcGFuJTNFJTNDJTJGdGglM0UlMEElM0MlMkZ0ciUzRSUwQSUzQ3Rib2R5JTNFJTBBJTNDdHIlM0UlMEElM0N0ciUzRSUwQSUzQ3RkJTNFMWVyJTIwTWFpJTIwMjAyNCUyMC0lMjAxNGUlMjBKdWluJTIwMjAyNCUzQyUyRnRkJTNFJTBBJTNDdGQlM0U5NzUlRTIlODIlQUMlM0MlMkZ0ZCUzRSUwQSUzQ3RkJTNFODAwJUUyJTgyJUFDJTNDJTJGdGQlM0UlMEElM0N0ZCUzRTg3NSVFMiU4MiVBQyUzQyUyRnRkJTNFJTBBJTNDdGQlM0UxMDUwJUUyJTgyJUFDJTNDJTJGdGQlM0UlMEElM0N0ZCUzRTM3MDAlRTIlODIlQUMlM0MlMkZ0ZCUzRSUwQSUzQyUyRnRyJTNFJTBBJTNDdHIlM0UlMEElM0N0ZCUzRTE1ZSUyMEp1aW4lMjAyMDI0JTIwLSUyMDEyZSUyMEp1aWxsZXQlMjAyMDI0JTNDJTJGdGQlM0UlMEElM0N0ZCUzRTExNTAlRTIlODIlQUMlM0MlMkZ0ZCUzRSUwQSUzQ3RkJTNFOTUwJUUyJTgyJUFDJTNDJTJGdGQlM0UlMEElM0N0ZCUzRTEwMjUlRTIlODIlQUMlM0MlMkZ0ZCUzRSUwQSUzQ3RkJTNFMTIwMCVFMiU4MiVBQyUzQyUyRnRkJTNFJTBBJTNDdGQlM0U0MzAwJUUyJTgyJUFDJTNDJTJGdGQlM0UlMEElM0MlMkZ0ciUzRSUwQSUzQ3RyJTNFJTBBJTNDdGQlM0UxM2UlMjBKdWlsbGV0JTIwMjAyNCUyMC0lMjAyM2UlMjBBb3V0JTIwMjAyNCUzQyUyRnRkJTNFJTBBJTNDdGQlM0UxMzAwJUUyJTgyJUFDJTNDJTJGdGQlM0UlMEElM0N0ZCUzRTExMDAlRTIlODIlQUMlM0MlMkZ0ZCUzRSUwQSUzQ3RkJTNFMTIwMCVFMiU4MiVBQyUzQyUyRnRkJTNFJTBBJTNDdGQlM0UxNDAwJUUyJTgyJUFDJTNDJTJGdGQlM0UlMEElM0N0ZCUzRTUwMDAlRTIlODIlQUMlM0MlMkZ0ZCUzRSUwQSUzQyUyRnRyJTNFJTBBJTNDdHIlM0UlMEElM0N0ZCUzRTI0ZSUyMEFvdXQlMjAyMDI0JTIwLSUyMDEzZSUyMFNlcHRlbWJyZSUyMDIwMjQlM0MlMkZ0ZCUzRSUwQSUzQ3RkJTNFMTE1MCVFMiU4MiVBQyUzQyUyRnRkJTNFJTBBJTNDdGQlM0U5NTAlRTIlODIlQUMlM0MlMkZ0ZCUzRSUwQSUzQ3RkJTNFMTAyNSVFMiU4MiVBQyUzQyUyRnRkJTNFJTBBJTNDdGQlM0UxMjAwJUUyJTgyJUFDJTNDJTJGdGQlM0UlMEElM0N0ZCUzRTQzMDAlRTIlODIlQUMlM0MlMkZ0ZCUzRSUwQSUzQyUyRnRyJTNFJTBBJTNDdHIlM0UlMEElM0N0ZCUzRTE0ZSUyMFNlcHRlbWJyZSUyMDIwMjQlMjAtJTIwMzFlJTIwT2N0b2JyZSUyMDIwMjQlM0MlMkZ0ZCUzRSUwQSUzQ3RkJTNFOTc1JUUyJTgyJUFDJTNDJTJGdGQlM0UlMEElM0N0ZCUzRTgwMCVFMiU4MiVBQyUzQyUyRnRkJTNFJTBBJTNDdGQlM0U4NzUlRTIlODIlQUMlM0MlMkZ0ZCUzRSUwQSUzQ3RkJTNFMTA1MCVFMiU4MiVBQyUzQyUyRnRkJTNFJTBBJTNDdGQlM0UzNzAwJUUyJTgyJUFDJTNDJTJGdGQlM0UlMEElM0MlMkZ0ciUzRSUwQSUzQyUyRnRib2R5JTNFJTBBJTNDJTJGdGFibGUlM0U=[\/vc_raw_html][vc_column_text size=\u00a0\u00bb0&Prime;]15e June au 23e Aout 7 nuits minimum, d\u00e9but \/ fin Samedi seulement. Le reste de l&rsquo;ann\u00e9e, la location minimum est de 3 nuits cons\u00e9cutives.<\/p>\n<p>Reste de l&rsquo;ann\u00e9e; La location minimum est de 3 nuits cons\u00e9cutives avec tout d\u00e9but \/ fin de journ\u00e9e. Les tarifs par nuit sont indiqu\u00e9s ci-dessous. * Il y a des \u00abfrais de service de court s\u00e9jour\u00bb suppl\u00e9mentaires uniques (pour couvrir le nettoyage final, la blanchisserie du g\u00eete et la taxe de s\u00e9jour) qui sont appliqu\u00e9s \u00e0 toutes les r\u00e9servations de moins de 7 nuits. Il n&rsquo;y a AUCUN \u00abfrais de service\u00bb suppl\u00e9mentaire pour les locations \u00e0 la semaine \u00e0 condition que la propri\u00e9t\u00e9 soit laiss\u00e9e dans un endroit propre &amp; \u00e9tat soign\u00e9.<\/p>\n<p>Tous les g\u00eetes sont disponibles en location longue dur\u00e9e (minimum 1 mois\/4 semaines) hors saison (1er novembre au 30 avril). Veuillez nous contacter pour plus de d\u00e9tails et les tarifs.<\/p>\n[\/vc_column_text][vc_raw_html]VEFSSUZTJTIwJUMzJTgwJTIwTEElMjBOVUlUJUMzJTg5RSUwQSUzQ3RhYmxlJTNFJTBBJTNDdHIlM0UlMEElM0N0aCUzRVByaWNlJTIwcGVyJTIwR2l0ZSUyMCUyOHBlciUyMG5pZ2h0JTI5JTNDJTJGdGglM0UlMEElM0N0aCUzRU1pbmVydm9pcyUzQ2JyJTIwJTJGJTNFJTNDc3BhbiUzRSUyODMlMjBjaGFtYnJlcyUyOSUzQyUyRnNwYW4lM0UlM0MlMkZ0aCUzRSUwQSUzQ3RoJTNFQ29yYmllcmUlM0NiciUyMCUyRiUzRSUzQ3NwYW4lM0UlMjgyJTIwY2hhbWJyZXMlMjklM0MlMkZzcGFuJTNFJTNDJTJGdGglM0UlMEElM0N0aCUzRUFsYXJpYyUzQ2JyJTIwJTJGJTNFJTNDc3BhbiUzRSUyODIlMjBjaGFtYnJlcyUyOSUzQyUyRnNwYW4lM0UlM0MlMkZ0aCUzRSUwQSUzQ3RoJTNFRml0b3UlM0NiciUyMCUyRiUzRSUzQ3NwYW4lM0UlMjgzJTIwY2hhbWJyZXMlMjklM0MlMkZzcGFuJTNFJTNDJTJGdGglM0UlMEElM0MlMkZ0ciUzRSUwQSUzQ3Rib2R5JTNFJTBBJTNDdHIlM0UlMEElM0MlMkZ0ciUzRSUwQSUzQ3RyJTNFJTBBJTNDdGQlM0UxZXIlMjBNYWklMjAyMDI0JTIwLSUyMDE0ZSUyMEp1aW4lMjAyMDI0JTNDJTJGdGQlM0UlMEElM0N0ZCUyMHJvd3NwYW4lM0QlMjIyJTIyJTNFMTYwJUUyJTgyJUFDJTNDJTJGdGQlM0UlMEElM0N0ZCUyMHJvd3NwYW4lM0QlMjIyJTIyJTNFMTQwJUUyJTgyJUFDJTNDJTJGdGQlM0UlMEElM0N0ZCUyMHJvd3NwYW4lM0QlMjIyJTIyJTNFMTUwJUUyJTgyJUFDJTNDJTJGdGQlM0UlMEElM0N0ZCUyMHJvd3NwYW4lM0QlMjIyJTIyJTNFMTcwJUUyJTgyJUFDJTNDJTJGdGQlM0UlMEElM0MlMkZ0ciUzRSUwQSUzQ3RyJTNFJTBBJTNDdGQlM0UxNGUlMjBTZXB0ZW1icmUlMjAyMDIzJTIwLSUyMDMxZSUyME9jdCUyMDIwMjQlM0MlMkZ0ZCUzRSUwQSUzQyUyRnRyJTNFJTBBJTNDdHIlM0UlMEElM0N0ZCUzRSUyQUZyYWlzJTIwZGUlMjBzZXJ2aWNlJTIwZGUlMjBjb3VydCUyMHMlQzMlQTlqb3VyJTNDJTJGdGQlM0UlMEElM0N0ZCUzRTcwJUUyJTgyJUFDJTNDJTJGdGQlM0UlMEElM0N0ZCUzRTYwJUUyJTgyJUFDJTNDJTJGdGQlM0UlMEElM0N0ZCUzRTY1JUUyJTgyJUFDJTNDJTJGdGQlM0UlMEElM0N0ZCUzRTc1JUUyJTgyJUFDJTNDJTJGdGQlM0UlMEElM0MlMkZ0ciUzRSUwQSUzQyUyRnRib2R5JTNFJTBBJTNDJTJGdGFibGUlM0U=[\/vc_raw_html][vc_column_text size=\u00a0\u00bb0&Prime;]Un d\u00e9p\u00f4t de garantie de 200 \u20ac \/ 200 \u00a3 est requis, payable en esp\u00e8ces \u00e0 l&rsquo;arriv\u00e9e.<\/p>\n<p>Toutes les r\u00e9servations sont soumises \u00e0 nos TERMES ET CONDITIONS.<\/p>\n<p>Nos tarifs sont bas\u00e9s sur des locations ind\u00e9pendantes et incluent l&rsquo;eau, l&rsquo;\u00e9lectricit\u00e9 et le gaz en bouteille. Tous les draps et les serviettes sont fournis pour une utilisation dans le g\u00eete (sauf les serviettes de plage \/ piscine qui peuvent \u00eatre lou\u00e9es \u00e0 un prix minime). Un service de blanchisserie est \u00e9galement propos\u00e9 \u00e0 un co\u00fbt modique (lavage, s\u00e9chage \u00e0 l&rsquo;air et retour pli\u00e9 mais non repass\u00e9).[\/vc_column_text][\/vc_column][\/vc_row][vc_row][vc_column][vc_column_text][\/vc_column_text][\/vc_column][\/vc_row]","protected":false},"excerpt":{"rendered":"<p>[vc_row][vc_column][vc_column_text][\/vc_column_text][\/vc_column][\/vc_row][vc_row][vc_column][vc_column_text][\/vc_column_text][\/vc_column][\/vc_row][vc_row full_width=\u00a0\u00bbstretch_row\u00a0\u00bb parallax=\u00a0\u00bbcontent-moving\u00a0\u00bb parallax_image=\u00a0\u00bb359&Prime; enable_overlay=\u00a0\u00bbtrue\u00a0\u00bb css=\u00a0\u00bb.vc_custom_1444986649651{padding-top: 150px !important;padding-bottom: 80px !important;}\u00a0\u00bb][vc_column][\/vc_column][\/vc_row][vc_row css=\u00a0\u00bb.vc_custom_1644424087106{padding-top: 50px !important;padding-bottom: 50px !important;}\u00a0\u00bb][vc_column][vc_raw_html]VEFSSUZTJTIwSEVCRE9NQURBSVJFUyUwQSUzQ3RhYmxlJTNFJTBBJTNDdHIlM0UlMEElM0N0aCUzRURhdGUlMjAlMjhwYXIlMjBzZW1haW5lJTI5JTNDJTJGdGglM0UlMEElM0N0aCUzRU1pbmVydm9pcyUzQ2JyJTIwJTJGJTNFJTNDc3BhbiUzRSUyODMlMjBjaGFtYnJlcyUyOSUzQyUyRnNwYW4lM0UlM0MlMkZ0aCUzRSUwQSUzQ3RoJTNFQ29yYmllcmUlM0NiciUyMCUyRiUzRSUzQ3NwYW4lM0UlMjgyJTIwY2hhbWJyZXMlMjklM0MlMkZzcGFuJTNFJTNDJTJGdGglM0UlMEElM0N0aCUzRUFsYXJpYyUzQ2JyJTIwJTJGJTNFJTNDc3BhbiUzRSUyODIlMjBjaGFtYnJlcyUyOSUzQyUyRnNwYW4lM0UlM0MlMkZ0aCUzRSUwQSUzQ3RoJTNFRml0b3UlM0NiciUyMCUyRiUzRSUzQ3NwYW4lM0UlMjgzJTIwY2hhbWJyZXMlMjklM0MlMkZzcGFuJTNFJTNDJTJGdGglM0UlMEElM0N0aCUzRUJhcnRoZSUzQ2JyJTIwJTJGJTNFJTNDc3BhbiUzRSUyODEwJTIwY2hhbWJyZXMlMjklM0MlMkZzcGFuJTNFJTNDJTJGdGglM0UlMEElM0MlMkZ0ciUzRSUwQSUzQ3Rib2R5JTNFJTBBJTNDdHIlM0UlMEElM0N0ciUzRSUwQSUzQ3RkJTNFMWVyJTIwTWFpJTIwMjAyNCUyMC0lMjAxNGUlMjBKdWluJTIwMjAyNCUzQyUyRnRkJTNFJTBBJTNDdGQlM0U5NzUlRTIlODIlQUMlM0MlMkZ0ZCUzRSUwQSUzQ3RkJTNFODAwJUUyJTgyJUFDJTNDJTJGdGQlM0UlMEElM0N0ZCUzRTg3NSVFMiU4MiVBQyUzQyUyRnRkJTNFJTBBJTNDdGQlM0UxMDUwJUUyJTgyJUFDJTNDJTJGdGQlM0UlMEElM0N0ZCUzRTM3MDAlRTIlODIlQUMlM0MlMkZ0ZCUzRSUwQSUzQyUyRnRyJTNFJTBBJTNDdHIlM0UlMEElM0N0ZCUzRTE1ZSUyMEp1aW4lMjAyMDI0JTIwLSUyMDEyZSUyMEp1aWxsZXQlMjAyMDI0JTNDJTJGdGQlM0UlMEElM0N0ZCUzRTExNTAlRTIlODIlQUMlM0MlMkZ0ZCUzRSUwQSUzQ3RkJTNFOTUwJUUyJTgyJUFDJTNDJTJGdGQlM0UlMEElM0N0ZCUzRTEwMjUlRTIlODIlQUMlM0MlMkZ0ZCUzRSUwQSUzQ3RkJTNFMTIwMCVFMiU4MiVBQyUzQyUyRnRkJTNFJTBBJTNDdGQlM0U0MzAwJUUyJTgyJUFDJTNDJTJGdGQlM0UlMEElM0MlMkZ0ciUzRSUwQSUzQ3RyJTNFJTBBJTNDdGQlM0UxM2UlMjBKdWlsbGV0JTIwMjAyNCUyMC0lMjAyM2UlMjBBb3V0JTIwMjAyNCUzQyUyRnRkJTNFJTBBJTNDdGQlM0UxMzAwJUUyJTgyJUFDJTNDJTJGdGQlM0UlMEElM0N0ZCUzRTExMDAlRTIlODIlQUMlM0MlMkZ0ZCUzRSUwQSUzQ3RkJTNFMTIwMCVFMiU4MiVBQyUzQyUyRnRkJTNFJTBBJTNDdGQlM0UxNDAwJUUyJTgyJUFDJTNDJTJGdGQlM0UlMEElM0N0ZCUzRTUwMDAlRTIlODIlQUMlM0MlMkZ0ZCUzRSUwQSUzQyUyRnRyJTNFJTBBJTNDdHIlM0UlMEElM0N0ZCUzRTI0ZSUyMEFvdXQlMjAyMDI0JTIwLSUyMDEzZSUyMFNlcHRlbWJyZSUyMDIwMjQlM0MlMkZ0ZCUzRSUwQSUzQ3RkJTNFMTE1MCVFMiU4MiVBQyUzQyUyRnRkJTNFJTBBJTNDdGQlM0U5NTAlRTIlODIlQUMlM0MlMkZ0ZCUzRSUwQSUzQ3RkJTNFMTAyNSVFMiU4MiVBQyUzQyUyRnRkJTNFJTBBJTNDdGQlM0UxMjAwJUUyJTgyJUFDJTNDJTJGdGQlM0UlMEElM0N0ZCUzRTQzMDAlRTIlODIlQUMlM0MlMkZ0ZCUzRSUwQSUzQyUyRnRyJTNFJTBBJTNDdHIlM0UlMEElM0N0ZCUzRTE0ZSUyMFNlcHRlbWJyZSUyMDIwMjQlMjAtJTIwMzFlJTIwT2N0b2JyZSUyMDIwMjQlM0MlMkZ0ZCUzRSUwQSUzQ3RkJTNFOTc1JUUyJTgyJUFDJTNDJTJGdGQlM0UlMEElM0N0ZCUzRTgwMCVFMiU4MiVBQyUzQyUyRnRkJTNFJTBBJTNDdGQlM0U4NzUlRTIlODIlQUMlM0MlMkZ0ZCUzRSUwQSUzQ3RkJTNFMTA1MCVFMiU4MiVBQyUzQyUyRnRkJTNFJTBBJTNDdGQlM0UzNzAwJUUyJTgyJUFDJTNDJTJGdGQlM0UlMEElM0MlMkZ0ciUzRSUwQSUzQyUyRnRib2R5JTNFJTBBJTNDJTJGdGFibGUlM0U=[\/vc_raw_html][vc_column_text size=\u00a0\u00bb0&Prime;]15e June au 23e Aout 7 nuits minimum, d\u00e9but \/ fin Samedi seulement. Le reste de l&rsquo;ann\u00e9e, la location minimum est de 3 nuits cons\u00e9cutives. Reste de l&rsquo;ann\u00e9e; La location minimum est de 3 nuits cons\u00e9cutives avec tout d\u00e9but \/ &hellip;<\/p>\n","protected":false},"author":1,"featured_media":0,"parent":0,"menu_order":0,"comment_status":"closed","ping_status":"closed","template":"","meta":[],"yoast_head":"<!-- This site is optimized with the Yoast SEO plugin v18.1 - https:\/\/yoast.com\/wordpress\/plugins\/seo\/ -->\n<title>2024 Tarifs - Barthe Gites<\/title>\n<meta name=\"robots\" content=\"index, follow, max-snippet:-1, max-image-preview:large, max-video-preview:-1\" \/>\n<link rel=\"canonical\" href=\"https:\/\/barthegites.com\/2024-rates\/\" \/>\n<meta property=\"og:locale\" content=\"fr_FR\" \/>\n<meta property=\"og:type\" content=\"article\" \/>\n<meta property=\"og:title\" content=\"2024 Tarifs - Barthe Gites\" \/>\n<meta property=\"og:description\" content=\"[vc_row][vc_column][vc_column_text][\/vc_column_text][\/vc_column][\/vc_row][vc_row][vc_column][vc_column_text][\/vc_column_text][\/vc_column][\/vc_row][vc_row full_width=\u00a0\u00bbstretch_row\u00a0\u00bb parallax=\u00a0\u00bbcontent-moving\u00a0\u00bb parallax_image=\u00a0\u00bb359&Prime; enable_overlay=\u00a0\u00bbtrue\u00a0\u00bb css=\u00a0\u00bb.vc_custom_1444986649651{padding-top: 150px !important;padding-bottom: 80px !important;}\u00a0\u00bb][vc_column][\/vc_column][\/vc_row][vc_row css=\u00a0\u00bb.vc_custom_1644424087106{padding-top: 50px !important;padding-bottom: 50px !important;}\u00a0\u00bb][vc_column][vc_raw_html]VEFSSUZTJTIwSEVCRE9NQURBSVJFUyUwQSUzQ3RhYmxlJTNFJTBBJTNDdHIlM0UlMEElM0N0aCUzRURhdGUlMjAlMjhwYXIlMjBzZW1haW5lJTI5JTNDJTJGdGglM0UlMEElM0N0aCUzRU1pbmVydm9pcyUzQ2JyJTIwJTJGJTNFJTNDc3BhbiUzRSUyODMlMjBjaGFtYnJlcyUyOSUzQyUyRnNwYW4lM0UlM0MlMkZ0aCUzRSUwQSUzQ3RoJTNFQ29yYmllcmUlM0NiciUyMCUyRiUzRSUzQ3NwYW4lM0UlMjgyJTIwY2hhbWJyZXMlMjklM0MlMkZzcGFuJTNFJTNDJTJGdGglM0UlMEElM0N0aCUzRUFsYXJpYyUzQ2JyJTIwJTJGJTNFJTNDc3BhbiUzRSUyODIlMjBjaGFtYnJlcyUyOSUzQyUyRnNwYW4lM0UlM0MlMkZ0aCUzRSUwQSUzQ3RoJTNFRml0b3UlM0NiciUyMCUyRiUzRSUzQ3NwYW4lM0UlMjgzJTIwY2hhbWJyZXMlMjklM0MlMkZzcGFuJTNFJTNDJTJGdGglM0UlMEElM0N0aCUzRUJhcnRoZSUzQ2JyJTIwJTJGJTNFJTNDc3BhbiUzRSUyODEwJTIwY2hhbWJyZXMlMjklM0MlMkZzcGFuJTNFJTNDJTJGdGglM0UlMEElM0MlMkZ0ciUzRSUwQSUzQ3Rib2R5JTNFJTBBJTNDdHIlM0UlMEElM0N0ciUzRSUwQSUzQ3RkJTNFMWVyJTIwTWFpJTIwMjAyNCUyMC0lMjAxNGUlMjBKdWluJTIwMjAyNCUzQyUyRnRkJTNFJTBBJTNDdGQlM0U5NzUlRTIlODIlQUMlM0MlMkZ0ZCUzRSUwQSUzQ3RkJTNFODAwJUUyJTgyJUFDJTNDJTJGdGQlM0UlMEElM0N0ZCUzRTg3NSVFMiU4MiVBQyUzQyUyRnRkJTNFJTBBJTNDdGQlM0UxMDUwJUUyJTgyJUFDJTNDJTJGdGQlM0UlMEElM0N0ZCUzRTM3MDAlRTIlODIlQUMlM0MlMkZ0ZCUzRSUwQSUzQyUyRnRyJTNFJTBBJTNDdHIlM0UlMEElM0N0ZCUzRTE1ZSUyMEp1aW4lMjAyMDI0JTIwLSUyMDEyZSUyMEp1aWxsZXQlMjAyMDI0JTNDJTJGdGQlM0UlMEElM0N0ZCUzRTExNTAlRTIlODIlQUMlM0MlMkZ0ZCUzRSUwQSUzQ3RkJTNFOTUwJUUyJTgyJUFDJTNDJTJGdGQlM0UlMEElM0N0ZCUzRTEwMjUlRTIlODIlQUMlM0MlMkZ0ZCUzRSUwQSUzQ3RkJTNFMTIwMCVFMiU4MiVBQyUzQyUyRnRkJTNFJTBBJTNDdGQlM0U0MzAwJUUyJTgyJUFDJTNDJTJGdGQlM0UlMEElM0MlMkZ0ciUzRSUwQSUzQ3RyJTNFJTBBJTNDdGQlM0UxM2UlMjBKdWlsbGV0JTIwMjAyNCUyMC0lMjAyM2UlMjBBb3V0JTIwMjAyNCUzQyUyRnRkJTNFJTBBJTNDdGQlM0UxMzAwJUUyJTgyJUFDJTNDJTJGdGQlM0UlMEElM0N0ZCUzRTExMDAlRTIlODIlQUMlM0MlMkZ0ZCUzRSUwQSUzQ3RkJTNFMTIwMCVFMiU4MiVBQyUzQyUyRnRkJTNFJTBBJTNDdGQlM0UxNDAwJUUyJTgyJUFDJTNDJTJGdGQlM0UlMEElM0N0ZCUzRTUwMDAlRTIlODIlQUMlM0MlMkZ0ZCUzRSUwQSUzQyUyRnRyJTNFJTBBJTNDdHIlM0UlMEElM0N0ZCUzRTI0ZSUyMEFvdXQlMjAyMDI0JTIwLSUyMDEzZSUyMFNlcHRlbWJyZSUyMDIwMjQlM0MlMkZ0ZCUzRSUwQSUzQ3RkJTNFMTE1MCVFMiU4MiVBQyUzQyUyRnRkJTNFJTBBJTNDdGQlM0U5NTAlRTIlODIlQUMlM0MlMkZ0ZCUzRSUwQSUzQ3RkJTNFMTAyNSVFMiU4MiVBQyUzQyUyRnRkJTNFJTBBJTNDdGQlM0UxMjAwJUUyJTgyJUFDJTNDJTJGdGQlM0UlMEElM0N0ZCUzRTQzMDAlRTIlODIlQUMlM0MlMkZ0ZCUzRSUwQSUzQyUyRnRyJTNFJTBBJTNDdHIlM0UlMEElM0N0ZCUzRTE0ZSUyMFNlcHRlbWJyZSUyMDIwMjQlMjAtJTIwMzFlJTIwT2N0b2JyZSUyMDIwMjQlM0MlMkZ0ZCUzRSUwQSUzQ3RkJTNFOTc1JUUyJTgyJUFDJTNDJTJGdGQlM0UlMEElM0N0ZCUzRTgwMCVFMiU4MiVBQyUzQyUyRnRkJTNFJTBBJTNDdGQlM0U4NzUlRTIlODIlQUMlM0MlMkZ0ZCUzRSUwQSUzQ3RkJTNFMTA1MCVFMiU4MiVBQyUzQyUyRnRkJTNFJTBBJTNDdGQlM0UzNzAwJUUyJTgyJUFDJTNDJTJGdGQlM0UlMEElM0MlMkZ0ciUzRSUwQSUzQyUyRnRib2R5JTNFJTBBJTNDJTJGdGFibGUlM0U=[\/vc_raw_html][vc_column_text size=\u00a0\u00bb0&Prime;]15e June au 23e Aout 7 nuits minimum, d\u00e9but \/ fin Samedi seulement. Le reste de l&rsquo;ann\u00e9e, la location minimum est de 3 nuits cons\u00e9cutives. Reste de l&rsquo;ann\u00e9e; La location minimum est de 3 nuits cons\u00e9cutives avec tout d\u00e9but \/ &hellip;\" \/>\n<meta property=\"og:url\" content=\"https:\/\/barthegites.com\/2024-rates\/\" \/>\n<meta property=\"og:site_name\" content=\"Barthe Gites\" \/>\n<meta property=\"article:modified_time\" content=\"2025-11-13T14:50:14+00:00\" \/>\n<meta name=\"twitter:card\" content=\"summary\" \/>\n<meta name=\"twitter:label1\" content=\"Dur\u00e9e de lecture estim\u00e9e\" \/>\n\t<meta name=\"twitter:data1\" content=\"2 minutes\" \/>\n<script type=\"application\/ld+json\" class=\"yoast-schema-graph\">{\"@context\":\"https:\/\/schema.org\",\"@graph\":[{\"@type\":\"Organization\",\"@id\":\"https:\/\/barthegites.com\/#organization\",\"name\":\"Barthe Gites\",\"url\":\"https:\/\/barthegites.com\/\",\"sameAs\":[],\"logo\":{\"@type\":\"ImageObject\",\"@id\":\"https:\/\/barthegites.com\/#logo\",\"inLanguage\":\"fr-FR\",\"url\":\"https:\/\/barthegites.com\/wp-content\/uploads\/barthe_gites_logo.png\",\"contentUrl\":\"https:\/\/barthegites.com\/wp-content\/uploads\/barthe_gites_logo.png\",\"width\":327,\"height\":200,\"caption\":\"Barthe Gites\"},\"image\":{\"@id\":\"https:\/\/barthegites.com\/#logo\"}},{\"@type\":\"WebSite\",\"@id\":\"https:\/\/barthegites.com\/#website\",\"url\":\"https:\/\/barthegites.com\/\",\"name\":\"Barthe Gites\",\"description\":\"\",\"publisher\":{\"@id\":\"https:\/\/barthegites.com\/#organization\"},\"potentialAction\":[{\"@type\":\"SearchAction\",\"target\":{\"@type\":\"EntryPoint\",\"urlTemplate\":\"https:\/\/barthegites.com\/?s={search_term_string}\"},\"query-input\":\"required name=search_term_string\"}],\"inLanguage\":\"fr-FR\"},{\"@type\":\"WebPage\",\"@id\":\"https:\/\/barthegites.com\/2024-rates\/#webpage\",\"url\":\"https:\/\/barthegites.com\/2024-rates\/\",\"name\":\"2024 Tarifs - Barthe Gites\",\"isPartOf\":{\"@id\":\"https:\/\/barthegites.com\/#website\"},\"datePublished\":\"2023-08-21T08:09:57+00:00\",\"dateModified\":\"2025-11-13T14:50:14+00:00\",\"breadcrumb\":{\"@id\":\"https:\/\/barthegites.com\/2024-rates\/#breadcrumb\"},\"inLanguage\":\"fr-FR\",\"potentialAction\":[{\"@type\":\"ReadAction\",\"target\":[\"https:\/\/barthegites.com\/2024-rates\/\"]}]},{\"@type\":\"BreadcrumbList\",\"@id\":\"https:\/\/barthegites.com\/2024-rates\/#breadcrumb\",\"itemListElement\":[{\"@type\":\"ListItem\",\"position\":1,\"name\":\"Home\",\"item\":\"https:\/\/barthegites.com\/\"},{\"@type\":\"ListItem\",\"position\":2,\"name\":\"2024 Rates\"}]}]}<\/script>\n<!-- \/ Yoast SEO plugin. -->","yoast_head_json":{"title":"2024 Tarifs - Barthe Gites","robots":{"index":"index","follow":"follow","max-snippet":"max-snippet:-1","max-image-preview":"max-image-preview:large","max-video-preview":"max-video-preview:-1"},"canonical":"https:\/\/barthegites.com\/2024-rates\/","og_locale":"fr_FR","og_type":"article","og_title":"2024 Tarifs - Barthe Gites","og_description":"[vc_row][vc_column][vc_column_text][\/vc_column_text][\/vc_column][\/vc_row][vc_row][vc_column][vc_column_text][\/vc_column_text][\/vc_column][\/vc_row][vc_row full_width=\u00a0\u00bbstretch_row\u00a0\u00bb parallax=\u00a0\u00bbcontent-moving\u00a0\u00bb parallax_image=\u00a0\u00bb359&Prime; enable_overlay=\u00a0\u00bbtrue\u00a0\u00bb css=\u00a0\u00bb.vc_custom_1444986649651{padding-top: 150px !important;padding-bottom: 80px !important;}\u00a0\u00bb][vc_column][\/vc_column][\/vc_row][vc_row css=\u00a0\u00bb.vc_custom_1644424087106{padding-top: 50px !important;padding-bottom: 50px !important;}\u00a0\u00bb][vc_column][vc_raw_html]VEFSSUZTJTIwSEVCRE9NQURBSVJFUyUwQSUzQ3RhYmxlJTNFJTBBJTNDdHIlM0UlMEElM0N0aCUzRURhdGUlMjAlMjhwYXIlMjBzZW1haW5lJTI5JTNDJTJGdGglM0UlMEElM0N0aCUzRU1pbmVydm9pcyUzQ2JyJTIwJTJGJTNFJTNDc3BhbiUzRSUyODMlMjBjaGFtYnJlcyUyOSUzQyUyRnNwYW4lM0UlM0MlMkZ0aCUzRSUwQSUzQ3RoJTNFQ29yYmllcmUlM0NiciUyMCUyRiUzRSUzQ3NwYW4lM0UlMjgyJTIwY2hhbWJyZXMlMjklM0MlMkZzcGFuJTNFJTNDJTJGdGglM0UlMEElM0N0aCUzRUFsYXJpYyUzQ2JyJTIwJTJGJTNFJTNDc3BhbiUzRSUyODIlMjBjaGFtYnJlcyUyOSUzQyUyRnNwYW4lM0UlM0MlMkZ0aCUzRSUwQSUzQ3RoJTNFRml0b3UlM0NiciUyMCUyRiUzRSUzQ3NwYW4lM0UlMjgzJTIwY2hhbWJyZXMlMjklM0MlMkZzcGFuJTNFJTNDJTJGdGglM0UlMEElM0N0aCUzRUJhcnRoZSUzQ2JyJTIwJTJGJTNFJTNDc3BhbiUzRSUyODEwJTIwY2hhbWJyZXMlMjklM0MlMkZzcGFuJTNFJTNDJTJGdGglM0UlMEElM0MlMkZ0ciUzRSUwQSUzQ3Rib2R5JTNFJTBBJTNDdHIlM0UlMEElM0N0ciUzRSUwQSUzQ3RkJTNFMWVyJTIwTWFpJTIwMjAyNCUyMC0lMjAxNGUlMjBKdWluJTIwMjAyNCUzQyUyRnRkJTNFJTBBJTNDdGQlM0U5NzUlRTIlODIlQUMlM0MlMkZ0ZCUzRSUwQSUzQ3RkJTNFODAwJUUyJTgyJUFDJTNDJTJGdGQlM0UlMEElM0N0ZCUzRTg3NSVFMiU4MiVBQyUzQyUyRnRkJTNFJTBBJTNDdGQlM0UxMDUwJUUyJTgyJUFDJTNDJTJGdGQlM0UlMEElM0N0ZCUzRTM3MDAlRTIlODIlQUMlM0MlMkZ0ZCUzRSUwQSUzQyUyRnRyJTNFJTBBJTNDdHIlM0UlMEElM0N0ZCUzRTE1ZSUyMEp1aW4lMjAyMDI0JTIwLSUyMDEyZSUyMEp1aWxsZXQlMjAyMDI0JTNDJTJGdGQlM0UlMEElM0N0ZCUzRTExNTAlRTIlODIlQUMlM0MlMkZ0ZCUzRSUwQSUzQ3RkJTNFOTUwJUUyJTgyJUFDJTNDJTJGdGQlM0UlMEElM0N0ZCUzRTEwMjUlRTIlODIlQUMlM0MlMkZ0ZCUzRSUwQSUzQ3RkJTNFMTIwMCVFMiU4MiVBQyUzQyUyRnRkJTNFJTBBJTNDdGQlM0U0MzAwJUUyJTgyJUFDJTNDJTJGdGQlM0UlMEElM0MlMkZ0ciUzRSUwQSUzQ3RyJTNFJTBBJTNDdGQlM0UxM2UlMjBKdWlsbGV0JTIwMjAyNCUyMC0lMjAyM2UlMjBBb3V0JTIwMjAyNCUzQyUyRnRkJTNFJTBBJTNDdGQlM0UxMzAwJUUyJTgyJUFDJTNDJTJGdGQlM0UlMEElM0N0ZCUzRTExMDAlRTIlODIlQUMlM0MlMkZ0ZCUzRSUwQSUzQ3RkJTNFMTIwMCVFMiU4MiVBQyUzQyUyRnRkJTNFJTBBJTNDdGQlM0UxNDAwJUUyJTgyJUFDJTNDJTJGdGQlM0UlMEElM0N0ZCUzRTUwMDAlRTIlODIlQUMlM0MlMkZ0ZCUzRSUwQSUzQyUyRnRyJTNFJTBBJTNDdHIlM0UlMEElM0N0ZCUzRTI0ZSUyMEFvdXQlMjAyMDI0JTIwLSUyMDEzZSUyMFNlcHRlbWJyZSUyMDIwMjQlM0MlMkZ0ZCUzRSUwQSUzQ3RkJTNFMTE1MCVFMiU4MiVBQyUzQyUyRnRkJTNFJTBBJTNDdGQlM0U5NTAlRTIlODIlQUMlM0MlMkZ0ZCUzRSUwQSUzQ3RkJTNFMTAyNSVFMiU4MiVBQyUzQyUyRnRkJTNFJTBBJTNDdGQlM0UxMjAwJUUyJTgyJUFDJTNDJTJGdGQlM0UlMEElM0N0ZCUzRTQzMDAlRTIlODIlQUMlM0MlMkZ0ZCUzRSUwQSUzQyUyRnRyJTNFJTBBJTNDdHIlM0UlMEElM0N0ZCUzRTE0ZSUyMFNlcHRlbWJyZSUyMDIwMjQlMjAtJTIwMzFlJTIwT2N0b2JyZSUyMDIwMjQlM0MlMkZ0ZCUzRSUwQSUzQ3RkJTNFOTc1JUUyJTgyJUFDJTNDJTJGdGQlM0UlMEElM0N0ZCUzRTgwMCVFMiU4MiVBQyUzQyUyRnRkJTNFJTBBJTNDdGQlM0U4NzUlRTIlODIlQUMlM0MlMkZ0ZCUzRSUwQSUzQ3RkJTNFMTA1MCVFMiU4MiVBQyUzQyUyRnRkJTNFJTBBJTNDdGQlM0UzNzAwJUUyJTgyJUFDJTNDJTJGdGQlM0UlMEElM0MlMkZ0ciUzRSUwQSUzQyUyRnRib2R5JTNFJTBBJTNDJTJGdGFibGUlM0U=[\/vc_raw_html][vc_column_text size=\u00a0\u00bb0&Prime;]15e June au 23e Aout 7 nuits minimum, d\u00e9but \/ fin Samedi seulement. Le reste de l&rsquo;ann\u00e9e, la location minimum est de 3 nuits cons\u00e9cutives. Reste de l&rsquo;ann\u00e9e; La location minimum est de 3 nuits cons\u00e9cutives avec tout d\u00e9but \/ &hellip;","og_url":"https:\/\/barthegites.com\/2024-rates\/","og_site_name":"Barthe Gites","article_modified_time":"2025-11-13T14:50:14+00:00","twitter_card":"summary","twitter_misc":{"Dur\u00e9e de lecture estim\u00e9e":"2 minutes"},"schema":{"@context":"https:\/\/schema.org","@graph":[{"@type":"Organization","@id":"https:\/\/barthegites.com\/#organization","name":"Barthe Gites","url":"https:\/\/barthegites.com\/","sameAs":[],"logo":{"@type":"ImageObject","@id":"https:\/\/barthegites.com\/#logo","inLanguage":"fr-FR","url":"https:\/\/barthegites.com\/wp-content\/uploads\/barthe_gites_logo.png","contentUrl":"https:\/\/barthegites.com\/wp-content\/uploads\/barthe_gites_logo.png","width":327,"height":200,"caption":"Barthe Gites"},"image":{"@id":"https:\/\/barthegites.com\/#logo"}},{"@type":"WebSite","@id":"https:\/\/barthegites.com\/#website","url":"https:\/\/barthegites.com\/","name":"Barthe Gites","description":"","publisher":{"@id":"https:\/\/barthegites.com\/#organization"},"potentialAction":[{"@type":"SearchAction","target":{"@type":"EntryPoint","urlTemplate":"https:\/\/barthegites.com\/?s={search_term_string}"},"query-input":"required name=search_term_string"}],"inLanguage":"fr-FR"},{"@type":"WebPage","@id":"https:\/\/barthegites.com\/2024-rates\/#webpage","url":"https:\/\/barthegites.com\/2024-rates\/","name":"2024 Tarifs - Barthe Gites","isPartOf":{"@id":"https:\/\/barthegites.com\/#website"},"datePublished":"2023-08-21T08:09:57+00:00","dateModified":"2025-11-13T14:50:14+00:00","breadcrumb":{"@id":"https:\/\/barthegites.com\/2024-rates\/#breadcrumb"},"inLanguage":"fr-FR","potentialAction":[{"@type":"ReadAction","target":["https:\/\/barthegites.com\/2024-rates\/"]}]},{"@type":"BreadcrumbList","@id":"https:\/\/barthegites.com\/2024-rates\/#breadcrumb","itemListElement":[{"@type":"ListItem","position":1,"name":"Home","item":"https:\/\/barthegites.com\/"},{"@type":"ListItem","position":2,"name":"2024 Rates"}]}]}},"_links":{"self":[{"href":"https:\/\/barthegites.com\/fr\/wp-json\/wp\/v2\/pages\/1049"}],"collection":[{"href":"https:\/\/barthegites.com\/fr\/wp-json\/wp\/v2\/pages"}],"about":[{"href":"https:\/\/barthegites.com\/fr\/wp-json\/wp\/v2\/types\/page"}],"author":[{"embeddable":true,"href":"https:\/\/barthegites.com\/fr\/wp-json\/wp\/v2\/users\/1"}],"replies":[{"embeddable":true,"href":"https:\/\/barthegites.com\/fr\/wp-json\/wp\/v2\/comments?post=1049"}],"version-history":[{"count":15,"href":"https:\/\/barthegites.com\/fr\/wp-json\/wp\/v2\/pages\/1049\/revisions"}],"predecessor-version":[{"id":1262,"href":"https:\/\/barthegites.com\/fr\/wp-json\/wp\/v2\/pages\/1049\/revisions\/1262"}],"wp:attachment":[{"href":"https:\/\/barthegites.com\/fr\/wp-json\/wp\/v2\/media?parent=1049"}],"curies":[{"name":"wp","href":"https:\/\/api.w.org\/{rel}","templated":true}]}}